{"id":7278,"date":"2025-11-30T17:51:36","date_gmt":"2025-11-30T15:51:36","guid":{"rendered":"https:\/\/davniyhalych.com\/wystawy-i-wydarzenia\/"},"modified":"2025-12-05T11:48:38","modified_gmt":"2025-12-05T09:48:38","slug":"wystawy-i-wydarzenia","status":"publish","type":"page","link":"https:\/\/davniyhalych.com\/pl\/wystawy-i-wydarzenia\/","title":{"rendered":"Wystawy i wydarzenia"},"content":{"rendered":"\t\t<div data-elementor-type=\"wp-page\" data-elementor-id=\"7278\" class=\"elementor elementor-7278 elementor-7265\" data-elementor-post-type=\"page\">\n\t\t\t\t<div class=\"elementor-element elementor-element-d4d21cd e-flex e-con-boxed e-con e-parent\" data-id=\"d4d21cd\" data-element_type=\"container\" data-e-type=\"container\" data-settings=\"{&quot;background_background&quot;:&quot;classic&quot;,&quot;ekit_has_onepagescroll_dot&quot;:&quot;yes&quot;}\">\n\t\t\t\t\t<div class=\"e-con-inner\">\n\t\t\t\t<div class=\"elementor-element elementor-element-3545aed elementor-grid-3 elementor-grid-tablet-2 elementor-grid-mobile-1 elementor-posts--thumbnail-top elementor-posts--show-avatar elementor-card-shadow-yes elementor-posts__hover-gradient elementor-widget elementor-widget-posts\" data-id=\"3545aed\" data-element_type=\"widget\" data-e-type=\"widget\" data-settings=\"{&quot;cards_columns&quot;:&quot;3&quot;,&quot;cards_columns_tablet&quot;:&quot;2&quot;,&quot;cards_columns_mobile&quot;:&quot;1&quot;,&quot;cards_row_gap&quot;:{&quot;unit&quot;:&quot;px&quot;,&quot;size&quot;:35,&quot;sizes&quot;:[]},&quot;cards_row_gap_tablet&quot;:{&quot;unit&quot;:&quot;px&quot;,&quot;size&quot;:&quot;&quot;,&quot;sizes&quot;:[]},&quot;cards_row_gap_mobile&quot;:{&quot;unit&quot;:&quot;px&quot;,&quot;size&quot;:&quot;&quot;,&quot;sizes&quot;:[]},&quot;ekit_we_effect_on&quot;:&quot;none&quot;}\" data-widget_type=\"posts.cards\">\n\t\t\t\t<div class=\"elementor-widget-container\">\n\t\t\t\t\t\t\t<div class=\"elementor-posts-container elementor-posts elementor-posts--skin-cards elementor-grid\" role=\"list\">\n\t\t\t\t<article class=\"elementor-post elementor-grid-item post-5997 tribe_events type-tribe_events status-publish hentry tribe_events_cat-wydarzenia-kulturalno-edukacyjne cat_wydarzenia-kulturalno-edukacyjne\" role=\"listitem\">\n\t\t\t<div class=\"elementor-post__card\">\n\t\t\t\t<div class=\"elementor-post__text\">\n\t\t\t\t<h3 class=\"elementor-post__title\">\n\t\t\t<a href=\"https:\/\/davniyhalych.com\/pl\/event\/w-kazda-niedziele-mistrzowska-jesien-w-muzeum-etnografii\/\" >\n\t\t\t\tW ka\u017cd\u0105 niedziel\u0119 \u2013 \u201eMistrzowska jesie\u0144\u201d w Muzeum Etnografii\t\t\t<\/a>\n\t\t<\/h3>\n\t\t\t\t<div class=\"elementor-post__excerpt\">\n\t\t\t<p>W listopadzie zapraszamy na cykl wydarze\u0144 po\u015bwi\u0119conych czterem etnoregionom Ukrainy. Go\u015bcie b\u0119d\u0105 mogli odkry\u0107 tradycyjn\u0105 kuchni\u0119, ta\u0144ce i ciekawe historie ka\u017cdego regionu.<\/p>\n\t\t<\/div>\n\t\t\n\t\t<a class=\"elementor-post__read-more\" href=\"https:\/\/davniyhalych.com\/pl\/event\/w-kazda-niedziele-mistrzowska-jesien-w-muzeum-etnografii\/\" aria-label=\"Read more about W ka\u017cd\u0105 niedziel\u0119 \u2013 \u201eMistrzowska jesie\u0144\u201d w Muzeum Etnografii\" tabindex=\"-1\" >\n\t\t\tDowiedz si\u0119 wi\u0119cej \u00bb\t\t<\/a>\n\n\t\t\t\t<\/div>\n\t\t\t\t<div class=\"elementor-post__meta-data\">\n\t\t\t\t\t<span class=\"elementor-post-date\">\n\t\t\t11.11.2025\t\t<\/span>\n\t\t\t\t<span class=\"elementor-post-avatar\">\n\t\t\tBrak komentarzy\t\t<\/span>\n\t\t\t\t<\/div>\n\t\t\t\t\t<\/div>\n\t\t<\/article>\n\t\t\t\t<article class=\"elementor-post elementor-grid-item post-5862 tribe_events type-tribe_events status-publish hentry tribe_events_cat-aktualne-wystawy cat_aktualne-wystawy\" role=\"listitem\">\n\t\t\t<div class=\"elementor-post__card\">\n\t\t\t\t<div class=\"elementor-post__text\">\n\t\t\t\t<h3 class=\"elementor-post__title\">\n\t\t\t<a href=\"https:\/\/davniyhalych.com\/pl\/event\/fort-halicz\/\" >\n\t\t\t\tFort Halicz\t\t\t<\/a>\n\t\t<\/h3>\n\t\t\t\t<div class=\"elementor-post__excerpt\">\n\t\t\t<p>An interactive event for children and adults on the territory of Halych Castle. Knightly battles, exciting master classes, and an introduction to the fortification past of Halych. Throughout November \u2014<\/p>\n\t\t<\/div>\n\t\t\n\t\t<a class=\"elementor-post__read-more\" href=\"https:\/\/davniyhalych.com\/pl\/event\/fort-halicz\/\" aria-label=\"Read more about Fort Halicz\" tabindex=\"-1\" >\n\t\t\tDowiedz si\u0119 wi\u0119cej \u00bb\t\t<\/a>\n\n\t\t\t\t<\/div>\n\t\t\t\t<div class=\"elementor-post__meta-data\">\n\t\t\t\t\t<span class=\"elementor-post-date\">\n\t\t\t05.11.2025\t\t<\/span>\n\t\t\t\t<span class=\"elementor-post-avatar\">\n\t\t\tBrak komentarzy\t\t<\/span>\n\t\t\t\t<\/div>\n\t\t\t\t\t<\/div>\n\t\t<\/article>\n\t\t\t\t<\/div>\n\t\t\n\t\t\t\t\t\t<\/div>\n\t\t\t\t<\/div>\n\t\t\t\t\t<\/div>\n\t\t\t\t<\/div>\n\t\t\t\t<\/div>\n\t\t","protected":false},"excerpt":{"rendered":"","protected":false},"author":1,"featured_media":0,"parent":0,"menu_order":0,"comment_status":"closed","ping_status":"closed","template":"page-builder.php","meta":{"_monsterinsights_skip_tracking":false,"_monsterinsights_sitenote_active":false,"_monsterinsights_sitenote_note":"","_monsterinsights_sitenote_category":0,"footnotes":""},"class_list":["post-7278","page","type-page","status-publish","hentry","cat_aktualne-wystawy"],"acf":[],"yoast_head":"<!-- This site is optimized with the Yoast SEO plugin v27.0 - https:\/\/yoast.com\/product\/yoast-seo-wordpress\/ -->\n<title>Wystawy i wydarzenia - \u041d\u0430\u0446\u0456\u043e\u043d\u0430\u043b\u044c\u043d\u0438\u0439 \u0437\u0430\u043f\u043e\u0432\u0456\u0434\u043d\u0438\u043a &quot;\u0414\u0430\u0432\u043d\u0456\u0439 \u0413\u0430\u043b\u0438\u0447&quot;<\/title>\n<meta name=\"robots\" content=\"index, follow, max-snippet:-1, max-image-preview:large, max-video-preview:-1\" \/>\n<link rel=\"canonical\" href=\"https:\/\/davniyhalych.com\/vystavky-ta-podiyi\/\" \/>\n<meta property=\"og:locale\" content=\"pl_PL\" \/>\n<meta property=\"og:type\" content=\"article\" \/>\n<meta property=\"og:title\" content=\"Wystawy i wydarzenia - \u041d\u0430\u0446\u0456\u043e\u043d\u0430\u043b\u044c\u043d\u0438\u0439 \u0437\u0430\u043f\u043e\u0432\u0456\u0434\u043d\u0438\u043a &quot;\u0414\u0430\u0432\u043d\u0456\u0439 \u0413\u0430\u043b\u0438\u0447&quot;\" \/>\n<meta property=\"og:url\" content=\"https:\/\/davniyhalych.com\/vystavky-ta-podiyi\/\" \/>\n<meta property=\"og:site_name\" content=\"\u041d\u0430\u0446\u0456\u043e\u043d\u0430\u043b\u044c\u043d\u0438\u0439 \u0437\u0430\u043f\u043e\u0432\u0456\u0434\u043d\u0438\u043a &quot;\u0414\u0430\u0432\u043d\u0456\u0439 \u0413\u0430\u043b\u0438\u0447&quot;\" \/>\n<meta property=\"article:modified_time\" content=\"2025-12-05T09:48:38+00:00\" \/>\n<meta name=\"twitter:card\" content=\"summary_large_image\" \/>\n<script type=\"application\/ld+json\" class=\"yoast-schema-graph\">{\"@context\":\"https:\/\/schema.org\",\"@graph\":[{\"@type\":\"WebPage\",\"@id\":\"https:\/\/davniyhalych.com\/vystavky-ta-podiyi\/\",\"url\":\"https:\/\/davniyhalych.com\/vystavky-ta-podiyi\/\",\"name\":\"Wystawy i wydarzenia - \u041d\u0430\u0446\u0456\u043e\u043d\u0430\u043b\u044c\u043d\u0438\u0439 \u0437\u0430\u043f\u043e\u0432\u0456\u0434\u043d\u0438\u043a &quot;\u0414\u0430\u0432\u043d\u0456\u0439 \u0413\u0430\u043b\u0438\u0447&quot;\",\"isPartOf\":{\"@id\":\"https:\/\/davniyhalych.com\/#website\"},\"datePublished\":\"2025-11-30T15:51:36+00:00\",\"dateModified\":\"2025-12-05T09:48:38+00:00\",\"breadcrumb\":{\"@id\":\"https:\/\/davniyhalych.com\/vystavky-ta-podiyi\/#breadcrumb\"},\"inLanguage\":\"pl-PL\",\"potentialAction\":[{\"@type\":\"ReadAction\",\"target\":[\"https:\/\/davniyhalych.com\/vystavky-ta-podiyi\/\"]}]},{\"@type\":\"BreadcrumbList\",\"@id\":\"https:\/\/davniyhalych.com\/vystavky-ta-podiyi\/#breadcrumb\",\"itemListElement\":[{\"@type\":\"ListItem\",\"position\":1,\"name\":\"\u0413\u043e\u043b\u043e\u0432\u043d\u0430\",\"item\":\"https:\/\/davniyhalych.com\/pl\/\"},{\"@type\":\"ListItem\",\"position\":2,\"name\":\"Wystawy i wydarzenia\"}]},{\"@type\":\"WebSite\",\"@id\":\"https:\/\/davniyhalych.com\/#website\",\"url\":\"https:\/\/davniyhalych.com\/\",\"name\":\"\u041d\u0430\u0446\u0456\u043e\u043d\u0430\u043b\u044c\u043d\u0438\u0439 \u0437\u0430\u043f\u043e\u0432\u0456\u0434\u043d\u0438\u043a &quot;\u0414\u0430\u0432\u043d\u0456\u0439 \u0413\u0430\u043b\u0438\u0447&quot;\",\"description\":\"\u041d\u0430\u0446\u0456\u043e\u043d\u0430\u043b\u044c\u043d\u0438\u0439 \u0437\u0430\u043f\u043e\u0432\u0456\u0434\u043d\u0438\u043a &quot;\u0414\u0430\u0432\u043d\u0456\u0439 \u0413\u0430\u043b\u0438\u0447&quot;\",\"potentialAction\":[{\"@type\":\"SearchAction\",\"target\":{\"@type\":\"EntryPoint\",\"urlTemplate\":\"https:\/\/davniyhalych.com\/?s={search_term_string}\"},\"query-input\":{\"@type\":\"PropertyValueSpecification\",\"valueRequired\":true,\"valueName\":\"search_term_string\"}}],\"inLanguage\":\"pl-PL\"}]}<\/script>\n<!-- \/ Yoast SEO plugin. -->","yoast_head_json":{"title":"Wystawy i wydarzenia - \u041d\u0430\u0446\u0456\u043e\u043d\u0430\u043b\u044c\u043d\u0438\u0439 \u0437\u0430\u043f\u043e\u0432\u0456\u0434\u043d\u0438\u043a &quot;\u0414\u0430\u0432\u043d\u0456\u0439 \u0413\u0430\u043b\u0438\u0447&quot;","robots":{"index":"index","follow":"follow","max-snippet":"max-snippet:-1","max-image-preview":"max-image-preview:large","max-video-preview":"max-video-preview:-1"},"canonical":"https:\/\/davniyhalych.com\/vystavky-ta-podiyi\/","og_locale":"pl_PL","og_type":"article","og_title":"Wystawy i wydarzenia - \u041d\u0430\u0446\u0456\u043e\u043d\u0430\u043b\u044c\u043d\u0438\u0439 \u0437\u0430\u043f\u043e\u0432\u0456\u0434\u043d\u0438\u043a &quot;\u0414\u0430\u0432\u043d\u0456\u0439 \u0413\u0430\u043b\u0438\u0447&quot;","og_url":"https:\/\/davniyhalych.com\/vystavky-ta-podiyi\/","og_site_name":"\u041d\u0430\u0446\u0456\u043e\u043d\u0430\u043b\u044c\u043d\u0438\u0439 \u0437\u0430\u043f\u043e\u0432\u0456\u0434\u043d\u0438\u043a &quot;\u0414\u0430\u0432\u043d\u0456\u0439 \u0413\u0430\u043b\u0438\u0447&quot;","article_modified_time":"2025-12-05T09:48:38+00:00","twitter_card":"summary_large_image","schema":{"@context":"https:\/\/schema.org","@graph":[{"@type":"WebPage","@id":"https:\/\/davniyhalych.com\/vystavky-ta-podiyi\/","url":"https:\/\/davniyhalych.com\/vystavky-ta-podiyi\/","name":"Wystawy i wydarzenia - \u041d\u0430\u0446\u0456\u043e\u043d\u0430\u043b\u044c\u043d\u0438\u0439 \u0437\u0430\u043f\u043e\u0432\u0456\u0434\u043d\u0438\u043a &quot;\u0414\u0430\u0432\u043d\u0456\u0439 \u0413\u0430\u043b\u0438\u0447&quot;","isPartOf":{"@id":"https:\/\/davniyhalych.com\/#website"},"datePublished":"2025-11-30T15:51:36+00:00","dateModified":"2025-12-05T09:48:38+00:00","breadcrumb":{"@id":"https:\/\/davniyhalych.com\/vystavky-ta-podiyi\/#breadcrumb"},"inLanguage":"pl-PL","potentialAction":[{"@type":"ReadAction","target":["https:\/\/davniyhalych.com\/vystavky-ta-podiyi\/"]}]},{"@type":"BreadcrumbList","@id":"https:\/\/davniyhalych.com\/vystavky-ta-podiyi\/#breadcrumb","itemListElement":[{"@type":"ListItem","position":1,"name":"\u0413\u043e\u043b\u043e\u0432\u043d\u0430","item":"https:\/\/davniyhalych.com\/pl\/"},{"@type":"ListItem","position":2,"name":"Wystawy i wydarzenia"}]},{"@type":"WebSite","@id":"https:\/\/davniyhalych.com\/#website","url":"https:\/\/davniyhalych.com\/","name":"\u041d\u0430\u0446\u0456\u043e\u043d\u0430\u043b\u044c\u043d\u0438\u0439 \u0437\u0430\u043f\u043e\u0432\u0456\u0434\u043d\u0438\u043a &quot;\u0414\u0430\u0432\u043d\u0456\u0439 \u0413\u0430\u043b\u0438\u0447&quot;","description":"\u041d\u0430\u0446\u0456\u043e\u043d\u0430\u043b\u044c\u043d\u0438\u0439 \u0437\u0430\u043f\u043e\u0432\u0456\u0434\u043d\u0438\u043a &quot;\u0414\u0430\u0432\u043d\u0456\u0439 \u0413\u0430\u043b\u0438\u0447&quot;","potentialAction":[{"@type":"SearchAction","target":{"@type":"EntryPoint","urlTemplate":"https:\/\/davniyhalych.com\/?s={search_term_string}"},"query-input":{"@type":"PropertyValueSpecification","valueRequired":true,"valueName":"search_term_string"}}],"inLanguage":"pl-PL"}]}},"_links":{"self":[{"href":"https:\/\/davniyhalych.com\/pl\/wp-json\/wp\/v2\/pages\/7278","targetHints":{"allow":["GET"]}}],"collection":[{"href":"https:\/\/davniyhalych.com\/pl\/wp-json\/wp\/v2\/pages"}],"about":[{"href":"https:\/\/davniyhalych.com\/pl\/wp-json\/wp\/v2\/types\/page"}],"author":[{"embeddable":true,"href":"https:\/\/davniyhalych.com\/pl\/wp-json\/wp\/v2\/users\/1"}],"replies":[{"embeddable":true,"href":"https:\/\/davniyhalych.com\/pl\/wp-json\/wp\/v2\/comments?post=7278"}],"version-history":[{"count":2,"href":"https:\/\/davniyhalych.com\/pl\/wp-json\/wp\/v2\/pages\/7278\/revisions"}],"predecessor-version":[{"id":7497,"href":"https:\/\/davniyhalych.com\/pl\/wp-json\/wp\/v2\/pages\/7278\/revisions\/7497"}],"wp:attachment":[{"href":"https:\/\/davniyhalych.com\/pl\/wp-json\/wp\/v2\/media?parent=7278"}],"curies":[{"name":"wp","href":"https:\/\/api.w.org\/{rel}","templated":true}]}}