{"id":7017,"date":"2025-11-11T21:28:34","date_gmt":"2025-11-11T19:28:34","guid":{"rendered":"https:\/\/davniyhalych.com\/misja-i-zadania\/"},"modified":"2025-12-05T20:16:49","modified_gmt":"2025-12-05T18:16:49","slug":"misja-i-zadania","status":"publish","type":"page","link":"https:\/\/davniyhalych.com\/pl\/misja-i-zadania\/","title":{"rendered":"Misja i zadania"},"content":{"rendered":"\t\t<div data-elementor-type=\"wp-page\" data-elementor-id=\"7017\" class=\"elementor elementor-7017 elementor-5905\" data-elementor-post-type=\"page\">\n\t\t\t\t<div class=\"elementor-element elementor-element-d7af829 e-flex e-con-boxed e-con e-parent\" data-id=\"d7af829\" data-element_type=\"container\" data-e-type=\"container\" data-settings=\"{&quot;background_background&quot;:&quot;classic&quot;,&quot;ekit_has_onepagescroll_dot&quot;:&quot;yes&quot;}\">\n\t\t\t\t\t<div class=\"e-con-inner\">\n\t\t\t\t<div class=\"elementor-element elementor-element-9d151f8 elementor-widget elementor-widget-heading\" data-id=\"9d151f8\" data-element_type=\"widget\" data-e-type=\"widget\" data-settings=\"{&quot;ekit_we_effect_on&quot;:&quot;none&quot;}\" data-widget_type=\"heading.default\">\n\t\t\t\t\t<h2 class=\"elementor-heading-title elementor-size-default\">Nasza misja<\/h2>\t\t\t\t<\/div>\n\t\t\t\t<div class=\"elementor-element elementor-element-b7fc129 elementor-widget elementor-widget-text-editor\" data-id=\"b7fc129\" data-element_type=\"widget\" data-e-type=\"widget\" data-settings=\"{&quot;ekit_we_effect_on&quot;:&quot;none&quot;}\" data-widget_type=\"text-editor.default\">\n\t\t\t\t\t\t\t\t\t<p style=\"text-indent: 30px; text-align: justify;\">Nasz\u0105 misj\u0105 jest ochrona i popularyzacja zabytk\u00f3w dziedzictwa kulturowego, staro\u017cytnego Halicza; prowadzenie prac poszukiwawczych, naukowo-badawczych, naukowo-metodycznych, informacyjnych i kulturalno-o\u015bwiatowych.\n\t\t\t\t\t\t\t\t<\/div>\n\t\t\t\t\t<\/div>\n\t\t\t\t<\/div>\n\t\t<div class=\"elementor-element elementor-element-c8b90fd e-flex e-con-boxed e-con e-parent\" data-id=\"c8b90fd\" data-element_type=\"container\" data-e-type=\"container\" data-settings=\"{&quot;shape_divider_top&quot;:&quot;mountains&quot;,&quot;background_background&quot;:&quot;classic&quot;,&quot;ekit_has_onepagescroll_dot&quot;:&quot;yes&quot;}\">\n\t\t\t\t\t<div class=\"e-con-inner\">\n\t\t\t\t<div class=\"elementor-shape elementor-shape-top\" aria-hidden=\"true\" data-negative=\"false\">\n\t\t\t<svg xmlns=\"http:\/\/www.w3.org\/2000\/svg\" viewBox=\"0 0 1000 100\" preserveAspectRatio=\"none\">\n\t<path class=\"elementor-shape-fill\" opacity=\"0.33\" d=\"M473,67.3c-203.9,88.3-263.1-34-320.3,0C66,119.1,0,59.7,0,59.7V0h1000v59.7 c0,0-62.1,26.1-94.9,29.3c-32.8,3.3-62.8-12.3-75.8-22.1C806,49.6,745.3,8.7,694.9,4.7S492.4,59,473,67.3z\"\/>\n\t<path class=\"elementor-shape-fill\" opacity=\"0.66\" d=\"M734,67.3c-45.5,0-77.2-23.2-129.1-39.1c-28.6-8.7-150.3-10.1-254,39.1 s-91.7-34.4-149.2,0C115.7,118.3,0,39.8,0,39.8V0h1000v36.5c0,0-28.2-18.5-92.1-18.5C810.2,18.1,775.7,67.3,734,67.3z\"\/>\n\t<path class=\"elementor-shape-fill\" d=\"M766.1,28.9c-200-57.5-266,65.5-395.1,19.5C242,1.8,242,5.4,184.8,20.6C128,35.8,132.3,44.9,89.9,52.5C28.6,63.7,0,0,0,0 h1000c0,0-9.9,40.9-83.6,48.1S829.6,47,766.1,28.9z\"\/>\n<\/svg>\t\t<\/div>\n\t\t\t\t<div class=\"elementor-element elementor-element-4cc38da elementor-widget elementor-widget-heading\" data-id=\"4cc38da\" data-element_type=\"widget\" data-e-type=\"widget\" data-settings=\"{&quot;ekit_we_effect_on&quot;:&quot;none&quot;}\" data-widget_type=\"heading.default\">\n\t\t\t\t\t<h2 class=\"elementor-heading-title elementor-size-default\">Nasze zadania<\/h2>\t\t\t\t<\/div>\n\t\t\t\t<div class=\"elementor-element elementor-element-1a87b4b elementor-widget elementor-widget-text-editor\" data-id=\"1a87b4b\" data-element_type=\"widget\" data-e-type=\"widget\" data-settings=\"{&quot;ekit_we_effect_on&quot;:&quot;none&quot;}\" data-widget_type=\"text-editor.default\">\n\t\t\t\t\t\t\t\t\t<p style=\"text-indent: 30px; text-align: justify;\"><strong>W zakresie ochrony zabytk\u00f3w dziedzictwa kulturowego:<\/strong><\/p><ul><li style=\"text-align: justify;\">opracowywanie naukowo uzasadnionych propozycji dotycz\u0105cych tryb\u00f3w zachowania i u\u017cytkowania obiekt\u00f3w dziedzictwa kulturowego wchodz\u0105cych w sk\u0142ad Rezerwatu, zapewnienie ich utrzymania, ochrony, zachowania i w\u0142a\u015bciwego u\u017cytkowania;<\/li><li style=\"text-align: justify;\">prowadzenie prac zwi\u0105zanych z identyfikacj\u0105, naukowym badaniem, dokumentacj\u0105 i innymi dzia\u0142aniami w zakresie ewidencji nieruchomych obiekt\u00f3w dziedzictwa kulturowego wchodz\u0105cych w sk\u0142ad Rezerwatu, zwi\u0105zanych z nimi ruchomych przedmiot\u00f3w, dzie\u0142 sztuki monumentalnej, plastycznej, u\u017cytkowej, przygotowanie dokumentacji do ich rejestracji pa\u0144stwowej;<\/li><li style=\"text-align: justify;\">przygotowanie projekt\u00f3w um\u00f3w ochronnych na zabytki wchodz\u0105ce w sk\u0142ad Rezerwatu;<\/li><li style=\"text-align: justify;\">prowadzenie naukowo-poszukiwawczych ekspedycji, bada\u0144 archeologicznych;<\/li><li style=\"text-align: justify;\">przedstawianie centralnemu organowi wykonawczemu w dziedzinie ochrony dziedzictwa kulturowego propozycji dotycz\u0105cych wpisu obiekt\u00f3w dziedzictwa kulturowego do Pa\u0144stwowego Rejestru Nieruchomych Zabytk\u00f3w Ukrainy, wprowadzania do niego zmian;<\/li><li style=\"text-align: justify;\">udzia\u0142 w opracowywaniu i realizacji program\u00f3w pa\u0144stwowych w dziedzinie ochrony dziedzictwa kulturowego;<\/li><li style=\"text-align: justify;\">realizacja kompleksu naukowo uzasadnionych dzia\u0142a\u0144 w zakresie rehabilitacji, restauracji, konserwacji, muzealizacji, a tak\u017ce adaptacji i remontu obiekt\u00f3w dziedzictwa kulturowego, ujawnianie ich najbardziej charakterystycznych cech, odtwarzanie utraconych lub uszkodzonych element\u00f3w;<\/li><li style=\"text-align: justify;\">organizacja bada\u0144 obiekt\u00f3w dziedzictwa kulturowego wymagaj\u0105cych prac ratunkowych, a tak\u017ce organizacja odpowiednich dzia\u0142a\u0144 ochronnych w odniesieniu do zabytk\u00f3w w przypadku zagro\u017cenia ich uszkodzenia lub zniszczenia w wyniku dzia\u0142ania czynnik\u00f3w naturalnych lub prowadzenia jakichkolwiek prac;<\/li><li style=\"text-align: justify;\">zapewnienie ochrony obiekt\u00f3w dziedzictwa kulturowego w granicach Rezerwatu przed zagro\u017ceniem zniszczenia, ruiny lub uszkodzenia;<\/li><li style=\"text-align: justify;\">zapewnienie w ustalonym prawem trybie wykonania, instalacji i utrzymania tablic ochronnych, znak\u00f3w ochronnych, innych napis\u00f3w informacyjnych, oznacze\u0144 na zabytkach wchodz\u0105cych w sk\u0142ad Rezerwatu lub w granicach ich terytorium.<\/li><\/ul><p style=\"text-indent: 30px; text-align: justify;\"><strong>W zakresie ewidencji i przechowywania zbior\u00f3w muzealnych:<\/strong><\/p><ul><li style=\"text-align: justify;\">prowadzenie w ustalonym prawem trybie prac zwi\u0105zanych z tworzeniem (w tym przedmiotami odkrytymi podczas bada\u0144 archeologicznych na terenie Rezerwatu, innych ekspedycji naukowo-poszukiwawczych, przedmiotami darowanymi, przedmiotami zakupionymi na podstawie decyzji Komisji Funduszowo-Zakupowej Rezerwatu) i ewidencj\u0105 zbior\u00f3w muzealnych, organizacja w\u0142a\u015bciwych warunk\u00f3w ich przechowywania oraz zapewnienie prowadzenia niezb\u0119dnych prac profilaktycznych i restauracyjnych;<\/li><li style=\"text-align: justify;\">udzia\u0142 w opracowywaniu i realizacji program\u00f3w pa\u0144stwowych w dziedzinie muzealnictwa;<\/li><li style=\"text-align: justify;\">opracowywanie propozycji i zada\u0144 w zakresie muzealizacji przedmiot\u00f3w ze zbior\u00f3w, organizacja prac restauracyjnych;<\/li><li style=\"text-align: justify;\">tworzenie warunk\u00f3w do zapoznawania si\u0119 spo\u0142ecze\u0144stwa z kolekcjami muzealnymi i wprowadzania ich do obiegu naukowego poprzez otwarte eksponowanie, tworzenie kartotek, katalog\u00f3w, przewodnik\u00f3w.<\/li><\/ul><p style=\"text-indent: 30px; text-align: justify;\"><strong>W zakresie prac naukowo-badawczych:<\/strong><\/p><ul><li style=\"text-align: justify;\">organizacja, koordynacja i prowadzenie bada\u0144 naukowych w Rezerwacie;<\/li><li style=\"text-align: justify;\">organizacja i udzia\u0142 w konferencjach naukowo-praktycznych, seminariach teoretycznych i okr\u0105g\u0142ych sto\u0142ach;<\/li><li style=\"text-align: justify;\">opracowywanie na podstawie bada\u0144 naukowych og\u00f3lnej koncepcji naukowej dzia\u0142alno\u015bci Rezerwatu, plan\u00f3w muzealizacji zabytk\u00f3w, propozycji dotycz\u0105cych trybu zachowania i porz\u0105dku u\u017cytkowania obiekt\u00f3w dziedzictwa kulturowego znajduj\u0105cych si\u0119 na jego bilansie, okre\u015blanie prac konserwatorskich, naukowo-funduszowych, naukowo-ekspozycyjnych;<\/li><li style=\"text-align: justify;\">opracowywanie wynik\u00f3w prac naukowo-badawczych Rezerwatu w formie raport\u00f3w, publikacji naukowych i popularnonaukowych, prac teoretycznych i naukowo-metodycznych, katalog\u00f3w, naukowo ujednoliconych paszport\u00f3w przedmiot\u00f3w muzealnych i dokumentacji ewidencyjnej na nieruchome obiekty dziedzictwa kulturowego, opis\u00f3w kolekcji muzealnych i pojedynczych przedmiot\u00f3w, materia\u0142\u00f3w naukowo-pomocniczych.<\/li><\/ul>\t\t\t\t\t\t\t\t<\/div>\n\t\t\t\t<div class=\"elementor-element elementor-element-8a7ab39 elementor-widget elementor-widget-text-editor\" data-id=\"8a7ab39\" data-element_type=\"widget\" data-e-type=\"widget\" data-settings=\"{&quot;ekit_we_effect_on&quot;:&quot;none&quot;}\" data-widget_type=\"text-editor.default\">\n\t\t\t\t\t\t\t\t\t<p style=\"text-indent: 30px; text-align: justify;\"><strong>W zakresie dzia\u0142alno\u015bci kulturalnej i edukacyjnej:<\/strong><\/p><ul><li style=\"text-align: justify;\">wycieczek po terenie Rezerwatu oraz ekspozycji muzealnych;<\/li><li style=\"text-align: justify;\">prowadzenie wyk\u0142ad\u00f3w tematycznych, organizowanie spotka\u0144 z dzia\u0142aczami kultury i nauki, znanymi osobisto\u015bciami Ukrainy i zagranicy, innych wydarze\u0144 na terenie i poza Rezerwatem;<\/li><li style=\"text-align: justify;\">organizowanie festiwali, jarmark\u00f3w, koncert\u00f3w i innych wydarze\u0144 w celach edukacyjnych i w celu popularyzacji dzia\u0142alno\u015bci Rezerwatu na zasadach p\u0142atnych i bezp\u0142atnych, w zale\u017cno\u015bci od charakteru wydarzenia;<\/li><li style=\"text-align: justify;\">popularyzacja swojej dzia\u0142alno\u015bci poprzez wydawnictwa naukowe, popularnonaukowe i periodyczne, radio, telewizj\u0119 i inne \u015brodki masowego przekazu, rozpowszechnianie produkt\u00f3w poligraficznych;<\/li><li style=\"text-align: justify;\">rozw\u00f3j infrastruktury obs\u0142ugi wycieczek na terenie Rezerwatu, \u015bwiadczenie odpowiednich p\u0142atnych us\u0142ug i ustalanie ich cen w trybie okre\u015blonym przepisami prawa.<\/li><\/ul><p style=\"text-indent: 30px; text-align: justify;\"><strong>W zakresie pracy muzealno-ekspozycyjnej:<\/strong><\/p><ul><li style=\"text-align: justify;\">udzia\u0142 w opracowywaniu i realizacji program\u00f3w pa\u0144stwowych w dziedzinie muzealnictwa i ochrony dziedzictwa kulturowego;<\/li><li style=\"text-align: justify;\">organizowanie wystaw sta\u0142ych i objazdowych zar\u00f3wno na terenie Rezerwatu, jak i poza nim, w tym za granic\u0105;<\/li><li style=\"text-align: justify;\">dokonywanie w ustalonym trybie wymiany wystaw z instytucjami kultury i nauki Ukrainy i innych pa\u0144stw, udost\u0119pnianie eksponat\u00f3w do organizacji wystaw, w tym za granic\u0105.<\/li><\/ul><p style=\"text-indent: 30px; text-align: justify;\"><strong>W dziedzinie pracy archiwalnej i bibliotecznej:<\/strong><\/p><ul><li style=\"text-align: justify;\">kompletowanie biblioteki naukowej zgodnie ze specyfik\u0105 dzia\u0142alno\u015bci Rezerwatu. W wyniku swojej dzia\u0142alno\u015bci Rezerwat tworzy archiwum naukowe, w sk\u0142ad kt\u00f3rego wchodz\u0105: <\/li><li style=\"text-align: justify;\">plany perspektywiczne i roczne oraz sprawozdania z ich realizacji, protoko\u0142y posiedze\u0144 Rady Naukowej i innych rad;<\/li><li style=\"text-align: justify;\">wyniki prac badawczo-rozwojowych w postaci prac teoretycznych i naukowo-metodycznych, kartotek naukowych, katalog\u00f3w, przegl\u0105d\u00f3w zbior\u00f3w, paszport\u00f3w naukowych obiekt\u00f3w muzealnych oraz dokumentacji ewidencyjnej obiekt\u00f3w dziedzictwa kulturowego wchodz\u0105cych w sk\u0142ad Rezerwatu, opisy kolekcji muzealnych i poszczeg\u00f3lnych obiekt\u00f3w, materia\u0142y naukowo-pomocnicze;<\/li><li style=\"text-align: justify;\">plany tematyczne i tematyczno-ekspozycyjne ekspozycji muzealnych i zorganizowanych wystaw;<\/li><li style=\"text-align: justify;\">opracowania naukowo-metodyczne wycieczek, wydarze\u0144 literacko-artystycznych, teksty wyk\u0142ad\u00f3w; szkice i materia\u0142y fotograficzne, filmowe, wideo, audio i inne, kt\u00f3re maj\u0105 warto\u015b\u0107 naukow\u0105 lub kulturow\u0105;<\/li><li style=\"text-align: justify;\">korespondencja;<\/li><li style=\"text-align: justify;\">materia\u0142y dotycz\u0105ce obchod\u00f3w rocznic, jubileuszy itp.<\/li><li style=\"text-align: justify;\">Dzia\u0142alno\u015b\u0107 archiwum naukowego reguluje Regulamin Archiwum Naukowego Rezerwatu, zatwierdzony przez Dyrektora Generalnego Rezerwatu.<\/li><\/ul><p style=\"text-indent: 30px; text-align: justify;\"><strong>W sferze dzia\u0142alno\u015bci wydawniczej:<\/strong><\/p><ul><li style=\"text-align: justify;\">przygotowanie do wydania naukowych i popularnonaukowych publikacji w ramach zatwierdzonych przez Uprawniony Organ Zarz\u0105dzaj\u0105cy planowanych \u015brodk\u00f3w i innych funduszy w celu odzwierciedlenia dzia\u0142alno\u015bci Rezerwatu: zbior\u00f3w artyku\u0142\u00f3w, materia\u0142\u00f3w konferencyjnych, katalog\u00f3w zbior\u00f3w muzealnych, monografii naukowych, wydawnictw popularnonaukowych, broszur, przewodnik\u00f3w, ulotek i innych rodzaj\u00f3w produkt\u00f3w poligraficznych.<\/li><\/ul><p style=\"text-indent: 30px; text-align: justify;\"><strong>W sferze pracy z opini\u0105 publiczn\u0105:<\/strong><\/p><ul><li style=\"text-align: justify;\">anga\u017cowanie spo\u0142ecze\u0144stwa, do\u015bwiadczonych specjalist\u00f3w w dziedzinie ochrony dziedzictwa kulturowego w prac\u0119 Rezerwatu, nawi\u0105zywanie i utrzymywanie kontakt\u00f3w z publicznymi organizacjami ochrony zabytk\u00f3w, organizacjami mi\u0119dzynarodowymi, instytucjami naukowymi, edukacyjnymi, artystycznymi, zwi\u0105zkami tw\u00f3rczymi, osobami prawnymi i fizycznymi.<\/li><\/ul>\t\t\t\t\t\t\t\t<\/div>\n\t\t\t\t\t<\/div>\n\t\t\t\t<\/div>\n\t\t\t\t<\/div>\n\t\t","protected":false},"excerpt":{"rendered":"<p>Nasza misja Nasz\u0105 misj\u0105 jest ochrona i popularyzacja zabytk\u00f3w dziedzictwa kulturowego, staro\u017cytnego Halicza; prowadzenie prac poszukiwawczych, naukowo-badawczych, naukowo-metodycznych, informacyjnych i kulturalno-o\u015bwiatowych. Nasze zadania W zakresie ochrony zabytk\u00f3w dziedzictwa kulturowego: opracowywanie [&hellip;]<\/p>\n","protected":false},"author":1,"featured_media":0,"parent":0,"menu_order":0,"comment_status":"closed","ping_status":"closed","template":"page-builder.php","meta":{"_monsterinsights_skip_tracking":false,"_monsterinsights_sitenote_active":false,"_monsterinsights_sitenote_note":"","_monsterinsights_sitenote_category":0,"footnotes":""},"class_list":["post-7017","page","type-page","status-publish","hentry"],"acf":[],"yoast_head":"<!-- This site is optimized with the Yoast SEO plugin v27.0 - https:\/\/yoast.com\/product\/yoast-seo-wordpress\/ -->\n<title>Misja i zadania - \u041d\u0430\u0446\u0456\u043e\u043d\u0430\u043b\u044c\u043d\u0438\u0439 \u0437\u0430\u043f\u043e\u0432\u0456\u0434\u043d\u0438\u043a &quot;\u0414\u0430\u0432\u043d\u0456\u0439 \u0413\u0430\u043b\u0438\u0447&quot;<\/title>\n<meta name=\"robots\" content=\"index, follow, max-snippet:-1, max-image-preview:large, max-video-preview:-1\" \/>\n<link rel=\"canonical\" href=\"https:\/\/davniyhalych.com\/misiya-ta-zavdannya\/\" \/>\n<meta property=\"og:locale\" content=\"pl_PL\" \/>\n<meta property=\"og:type\" content=\"article\" \/>\n<meta property=\"og:title\" content=\"Misja i zadania - \u041d\u0430\u0446\u0456\u043e\u043d\u0430\u043b\u044c\u043d\u0438\u0439 \u0437\u0430\u043f\u043e\u0432\u0456\u0434\u043d\u0438\u043a &quot;\u0414\u0430\u0432\u043d\u0456\u0439 \u0413\u0430\u043b\u0438\u0447&quot;\" \/>\n<meta property=\"og:description\" content=\"Nasza misja Nasz\u0105 misj\u0105 jest ochrona i popularyzacja zabytk\u00f3w dziedzictwa kulturowego, staro\u017cytnego Halicza; prowadzenie prac poszukiwawczych, naukowo-badawczych, naukowo-metodycznych, informacyjnych i kulturalno-o\u015bwiatowych. Nasze zadania W zakresie ochrony zabytk\u00f3w dziedzictwa kulturowego: opracowywanie [&hellip;]\" \/>\n<meta property=\"og:url\" content=\"https:\/\/davniyhalych.com\/misiya-ta-zavdannya\/\" \/>\n<meta property=\"og:site_name\" content=\"\u041d\u0430\u0446\u0456\u043e\u043d\u0430\u043b\u044c\u043d\u0438\u0439 \u0437\u0430\u043f\u043e\u0432\u0456\u0434\u043d\u0438\u043a &quot;\u0414\u0430\u0432\u043d\u0456\u0439 \u0413\u0430\u043b\u0438\u0447&quot;\" \/>\n<meta property=\"article:modified_time\" content=\"2025-12-05T18:16:49+00:00\" \/>\n<meta name=\"twitter:card\" content=\"summary_large_image\" \/>\n<meta name=\"twitter:label1\" content=\"Szacowany czas czytania\" \/>\n\t<meta name=\"twitter:data1\" content=\"5 minut\" \/>\n<script type=\"application\/ld+json\" class=\"yoast-schema-graph\">{\"@context\":\"https:\/\/schema.org\",\"@graph\":[{\"@type\":\"WebPage\",\"@id\":\"https:\/\/davniyhalych.com\/misiya-ta-zavdannya\/\",\"url\":\"https:\/\/davniyhalych.com\/misiya-ta-zavdannya\/\",\"name\":\"Misja i zadania - \u041d\u0430\u0446\u0456\u043e\u043d\u0430\u043b\u044c\u043d\u0438\u0439 \u0437\u0430\u043f\u043e\u0432\u0456\u0434\u043d\u0438\u043a &quot;\u0414\u0430\u0432\u043d\u0456\u0439 \u0413\u0430\u043b\u0438\u0447&quot;\",\"isPartOf\":{\"@id\":\"https:\/\/davniyhalych.com\/#website\"},\"datePublished\":\"2025-11-11T19:28:34+00:00\",\"dateModified\":\"2025-12-05T18:16:49+00:00\",\"breadcrumb\":{\"@id\":\"https:\/\/davniyhalych.com\/misiya-ta-zavdannya\/#breadcrumb\"},\"inLanguage\":\"pl-PL\",\"potentialAction\":[{\"@type\":\"ReadAction\",\"target\":[\"https:\/\/davniyhalych.com\/misiya-ta-zavdannya\/\"]}]},{\"@type\":\"BreadcrumbList\",\"@id\":\"https:\/\/davniyhalych.com\/misiya-ta-zavdannya\/#breadcrumb\",\"itemListElement\":[{\"@type\":\"ListItem\",\"position\":1,\"name\":\"\u0413\u043e\u043b\u043e\u0432\u043d\u0430\",\"item\":\"https:\/\/davniyhalych.com\/pl\/\"},{\"@type\":\"ListItem\",\"position\":2,\"name\":\"Misja i zadania\"}]},{\"@type\":\"WebSite\",\"@id\":\"https:\/\/davniyhalych.com\/#website\",\"url\":\"https:\/\/davniyhalych.com\/\",\"name\":\"\u041d\u0430\u0446\u0456\u043e\u043d\u0430\u043b\u044c\u043d\u0438\u0439 \u0437\u0430\u043f\u043e\u0432\u0456\u0434\u043d\u0438\u043a &quot;\u0414\u0430\u0432\u043d\u0456\u0439 \u0413\u0430\u043b\u0438\u0447&quot;\",\"description\":\"\u041d\u0430\u0446\u0456\u043e\u043d\u0430\u043b\u044c\u043d\u0438\u0439 \u0437\u0430\u043f\u043e\u0432\u0456\u0434\u043d\u0438\u043a &quot;\u0414\u0430\u0432\u043d\u0456\u0439 \u0413\u0430\u043b\u0438\u0447&quot;\",\"potentialAction\":[{\"@type\":\"SearchAction\",\"target\":{\"@type\":\"EntryPoint\",\"urlTemplate\":\"https:\/\/davniyhalych.com\/?s={search_term_string}\"},\"query-input\":{\"@type\":\"PropertyValueSpecification\",\"valueRequired\":true,\"valueName\":\"search_term_string\"}}],\"inLanguage\":\"pl-PL\"}]}<\/script>\n<!-- \/ Yoast SEO plugin. -->","yoast_head_json":{"title":"Misja i zadania - \u041d\u0430\u0446\u0456\u043e\u043d\u0430\u043b\u044c\u043d\u0438\u0439 \u0437\u0430\u043f\u043e\u0432\u0456\u0434\u043d\u0438\u043a &quot;\u0414\u0430\u0432\u043d\u0456\u0439 \u0413\u0430\u043b\u0438\u0447&quot;","robots":{"index":"index","follow":"follow","max-snippet":"max-snippet:-1","max-image-preview":"max-image-preview:large","max-video-preview":"max-video-preview:-1"},"canonical":"https:\/\/davniyhalych.com\/misiya-ta-zavdannya\/","og_locale":"pl_PL","og_type":"article","og_title":"Misja i zadania - \u041d\u0430\u0446\u0456\u043e\u043d\u0430\u043b\u044c\u043d\u0438\u0439 \u0437\u0430\u043f\u043e\u0432\u0456\u0434\u043d\u0438\u043a &quot;\u0414\u0430\u0432\u043d\u0456\u0439 \u0413\u0430\u043b\u0438\u0447&quot;","og_description":"Nasza misja Nasz\u0105 misj\u0105 jest ochrona i popularyzacja zabytk\u00f3w dziedzictwa kulturowego, staro\u017cytnego Halicza; prowadzenie prac poszukiwawczych, naukowo-badawczych, naukowo-metodycznych, informacyjnych i kulturalno-o\u015bwiatowych. Nasze zadania W zakresie ochrony zabytk\u00f3w dziedzictwa kulturowego: opracowywanie [&hellip;]","og_url":"https:\/\/davniyhalych.com\/misiya-ta-zavdannya\/","og_site_name":"\u041d\u0430\u0446\u0456\u043e\u043d\u0430\u043b\u044c\u043d\u0438\u0439 \u0437\u0430\u043f\u043e\u0432\u0456\u0434\u043d\u0438\u043a &quot;\u0414\u0430\u0432\u043d\u0456\u0439 \u0413\u0430\u043b\u0438\u0447&quot;","article_modified_time":"2025-12-05T18:16:49+00:00","twitter_card":"summary_large_image","twitter_misc":{"Szacowany czas czytania":"5 minut"},"schema":{"@context":"https:\/\/schema.org","@graph":[{"@type":"WebPage","@id":"https:\/\/davniyhalych.com\/misiya-ta-zavdannya\/","url":"https:\/\/davniyhalych.com\/misiya-ta-zavdannya\/","name":"Misja i zadania - \u041d\u0430\u0446\u0456\u043e\u043d\u0430\u043b\u044c\u043d\u0438\u0439 \u0437\u0430\u043f\u043e\u0432\u0456\u0434\u043d\u0438\u043a &quot;\u0414\u0430\u0432\u043d\u0456\u0439 \u0413\u0430\u043b\u0438\u0447&quot;","isPartOf":{"@id":"https:\/\/davniyhalych.com\/#website"},"datePublished":"2025-11-11T19:28:34+00:00","dateModified":"2025-12-05T18:16:49+00:00","breadcrumb":{"@id":"https:\/\/davniyhalych.com\/misiya-ta-zavdannya\/#breadcrumb"},"inLanguage":"pl-PL","potentialAction":[{"@type":"ReadAction","target":["https:\/\/davniyhalych.com\/misiya-ta-zavdannya\/"]}]},{"@type":"BreadcrumbList","@id":"https:\/\/davniyhalych.com\/misiya-ta-zavdannya\/#breadcrumb","itemListElement":[{"@type":"ListItem","position":1,"name":"\u0413\u043e\u043b\u043e\u0432\u043d\u0430","item":"https:\/\/davniyhalych.com\/pl\/"},{"@type":"ListItem","position":2,"name":"Misja i zadania"}]},{"@type":"WebSite","@id":"https:\/\/davniyhalych.com\/#website","url":"https:\/\/davniyhalych.com\/","name":"\u041d\u0430\u0446\u0456\u043e\u043d\u0430\u043b\u044c\u043d\u0438\u0439 \u0437\u0430\u043f\u043e\u0432\u0456\u0434\u043d\u0438\u043a &quot;\u0414\u0430\u0432\u043d\u0456\u0439 \u0413\u0430\u043b\u0438\u0447&quot;","description":"\u041d\u0430\u0446\u0456\u043e\u043d\u0430\u043b\u044c\u043d\u0438\u0439 \u0437\u0430\u043f\u043e\u0432\u0456\u0434\u043d\u0438\u043a &quot;\u0414\u0430\u0432\u043d\u0456\u0439 \u0413\u0430\u043b\u0438\u0447&quot;","potentialAction":[{"@type":"SearchAction","target":{"@type":"EntryPoint","urlTemplate":"https:\/\/davniyhalych.com\/?s={search_term_string}"},"query-input":{"@type":"PropertyValueSpecification","valueRequired":true,"valueName":"search_term_string"}}],"inLanguage":"pl-PL"}]}},"_links":{"self":[{"href":"https:\/\/davniyhalych.com\/pl\/wp-json\/wp\/v2\/pages\/7017","targetHints":{"allow":["GET"]}}],"collection":[{"href":"https:\/\/davniyhalych.com\/pl\/wp-json\/wp\/v2\/pages"}],"about":[{"href":"https:\/\/davniyhalych.com\/pl\/wp-json\/wp\/v2\/types\/page"}],"author":[{"embeddable":true,"href":"https:\/\/davniyhalych.com\/pl\/wp-json\/wp\/v2\/users\/1"}],"replies":[{"embeddable":true,"href":"https:\/\/davniyhalych.com\/pl\/wp-json\/wp\/v2\/comments?post=7017"}],"version-history":[{"count":2,"href":"https:\/\/davniyhalych.com\/pl\/wp-json\/wp\/v2\/pages\/7017\/revisions"}],"predecessor-version":[{"id":7528,"href":"https:\/\/davniyhalych.com\/pl\/wp-json\/wp\/v2\/pages\/7017\/revisions\/7528"}],"wp:attachment":[{"href":"https:\/\/davniyhalych.com\/pl\/wp-json\/wp\/v2\/media?parent=7017"}],"curies":[{"name":"wp","href":"https:\/\/api.w.org\/{rel}","templated":true}]}}