{"id":6751,"date":"2025-11-20T19:52:59","date_gmt":"2025-11-20T17:52:59","guid":{"rendered":"https:\/\/davniyhalych.com\/cyfrowe-kolekcje\/"},"modified":"2025-12-05T01:11:16","modified_gmt":"2025-12-04T23:11:16","slug":"cyfrowe-kolekcje","status":"publish","type":"page","link":"https:\/\/davniyhalych.com\/pl\/cyfrowe-kolekcje\/","title":{"rendered":"Cyfrowe kolekcje"},"content":{"rendered":"\t\t<div data-elementor-type=\"wp-page\" data-elementor-id=\"6751\" class=\"elementor elementor-6751 elementor-6693\" data-elementor-post-type=\"page\">\n\t\t\t\t<div class=\"elementor-element elementor-element-77a3639 e-flex e-con-boxed e-con e-parent\" data-id=\"77a3639\" data-element_type=\"container\" data-e-type=\"container\" data-settings=\"{&quot;shape_divider_top&quot;:&quot;curve-asymmetrical&quot;,&quot;ekit_has_onepagescroll_dot&quot;:&quot;yes&quot;}\">\n\t\t\t\t\t<div class=\"e-con-inner\">\n\t\t\t\t<div class=\"elementor-shape elementor-shape-top\" aria-hidden=\"true\" data-negative=\"false\">\n\t\t\t<svg xmlns=\"http:\/\/www.w3.org\/2000\/svg\" viewBox=\"0 0 1000 100\" preserveAspectRatio=\"none\">\n\t<path class=\"elementor-shape-fill\" d=\"M0,0c0,0,0,6,0,6.7c0,18,240.2,93.6,615.2,92.6C989.8,98.5,1000,25,1000,6.7c0-0.7,0-6.7,0-6.7H0z\"\/>\n<\/svg>\t\t<\/div>\n\t\t\t\t<div class=\"elementor-element elementor-element-417b36a elementor-grid-2 elementor-grid-tablet-2 elementor-grid-mobile-1 elementor-posts--thumbnail-top elementor-widget elementor-widget-posts\" data-id=\"417b36a\" data-element_type=\"widget\" data-e-type=\"widget\" data-settings=\"{&quot;classic_columns&quot;:&quot;2&quot;,&quot;classic_masonry&quot;:&quot;yes&quot;,&quot;pagination_type&quot;:&quot;numbers&quot;,&quot;classic_columns_tablet&quot;:&quot;2&quot;,&quot;classic_columns_mobile&quot;:&quot;1&quot;,&quot;classic_row_gap&quot;:{&quot;unit&quot;:&quot;px&quot;,&quot;size&quot;:35,&quot;sizes&quot;:[]},&quot;classic_row_gap_tablet&quot;:{&quot;unit&quot;:&quot;px&quot;,&quot;size&quot;:&quot;&quot;,&quot;sizes&quot;:[]},&quot;classic_row_gap_mobile&quot;:{&quot;unit&quot;:&quot;px&quot;,&quot;size&quot;:&quot;&quot;,&quot;sizes&quot;:[]},&quot;ekit_we_effect_on&quot;:&quot;none&quot;}\" data-widget_type=\"posts.classic\">\n\t\t\t\t<div class=\"elementor-widget-container\">\n\t\t\t\t\t\t\t<div class=\"elementor-posts-container elementor-posts elementor-posts--skin-classic elementor-grid\" role=\"list\">\n\t\t\t\t<article class=\"elementor-post elementor-grid-item post-9959 collection type-collection status-publish has-post-thumbnail hentry type-artefakty-muzealne-2\" role=\"listitem\">\n\t\t\t\t<a class=\"elementor-post__thumbnail__link\" href=\"https:\/\/davniyhalych.com\/pl\/collection\/rizy-tallet-gazzana\/\" tabindex=\"-1\" >\n\t\t\t<div class=\"elementor-post__thumbnail\"><img decoding=\"async\" width=\"143\" height=\"300\" src=\"https:\/\/davniyhalych.com\/wp-content\/uploads\/2026\/02\/bl-143x300.png\" class=\"attachment-medium size-medium wp-image-9952\" alt=\"\" srcset=\"https:\/\/davniyhalych.com\/wp-content\/uploads\/2026\/02\/bl-143x300.png 143w, https:\/\/davniyhalych.com\/wp-content\/uploads\/2026\/02\/bl-487x1024.png 487w, https:\/\/davniyhalych.com\/wp-content\/uploads\/2026\/02\/bl.png 689w\" sizes=\"(max-width: 143px) 100vw, 143px\" \/><\/div>\n\t\t<\/a>\n\t\t\t\t<div class=\"elementor-post__text\">\n\t\t\t\t<h3 class=\"elementor-post__title\">\n\t\t\t<a href=\"https:\/\/davniyhalych.com\/pl\/collection\/rizy-tallet-gazzana\/\" >\n\t\t\t\tRizy, tallet gazzana\t\t\t<\/a>\n\t\t<\/h3>\n\t\t\t\t<div class=\"elementor-post__meta-data\">\n\t\t\t\t\t<span class=\"elementor-post-date\">\n\t\t\t04.02.2026\t\t<\/span>\n\t\t\t\t<span class=\"elementor-post-avatar\">\n\t\t\tBrak komentarzy\t\t<\/span>\n\t\t\t\t<\/div>\n\t\t\t\t<div class=\"elementor-post__excerpt\">\n\t\t\t<p>Rizy zak\u0142ada\u0142 gazzan podczas nabo\u017ce\u0144stwa w kienesie Szal modlitewny \u2013 tallet, fr\u0119dzle na ko\u0144cach \u2013 cziczit (cicit), arba kenafot. Tallet \u2013 d\u0142ugie i szerokie okrycie z bia\u0142ej jedwabnej lub lnianej<\/p>\n\t\t<\/div>\n\t\t\n\t\t<a class=\"elementor-post__read-more\" href=\"https:\/\/davniyhalych.com\/pl\/collection\/rizy-tallet-gazzana\/\" aria-label=\"Read more about Rizy, tallet gazzana\" tabindex=\"-1\" >\n\t\t\tDowiedz si\u0119 wi\u0119cej \u00bb\t\t<\/a>\n\n\t\t\t\t<\/div>\n\t\t\t\t<\/article>\n\t\t\t\t<article class=\"elementor-post elementor-grid-item post-9945 collection type-collection status-publish has-post-thumbnail hentry type-artefakty-muzealne-2 location-muzeum-historii-i-kultury-karaimow\" role=\"listitem\">\n\t\t\t\t<a class=\"elementor-post__thumbnail__link\" href=\"https:\/\/davniyhalych.com\/pl\/collection\/chata\/\" tabindex=\"-1\" >\n\t\t\t<div class=\"elementor-post__thumbnail\"><img fetchpriority=\"high\" decoding=\"async\" width=\"263\" height=\"300\" src=\"https:\/\/davniyhalych.com\/wp-content\/uploads\/2026\/02\/hatas-263x300.png\" class=\"attachment-medium size-medium wp-image-9943\" alt=\"\" srcset=\"https:\/\/davniyhalych.com\/wp-content\/uploads\/2026\/02\/hatas-263x300.png 263w, https:\/\/davniyhalych.com\/wp-content\/uploads\/2026\/02\/hatas-768x877.png 768w, https:\/\/davniyhalych.com\/wp-content\/uploads\/2026\/02\/hatas.png 800w\" sizes=\"(max-width: 263px) 100vw, 263px\" \/><\/div>\n\t\t<\/a>\n\t\t\t\t<div class=\"elementor-post__text\">\n\t\t\t\t<h3 class=\"elementor-post__title\">\n\t\t\t<a href=\"https:\/\/davniyhalych.com\/pl\/collection\/chata\/\" >\n\t\t\t\tChata\t\t\t<\/a>\n\t\t<\/h3>\n\t\t\t\t<div class=\"elementor-post__meta-data\">\n\t\t\t\t\t<span class=\"elementor-post-date\">\n\t\t\t04.02.2026\t\t<\/span>\n\t\t\t\t<span class=\"elementor-post-avatar\">\n\t\t\tBrak komentarzy\t\t<\/span>\n\t\t\t\t<\/div>\n\t\t\t\t<div class=\"elementor-post__excerpt\">\n\t\t\t<p>Ozdoba Tory. Napis w j\u0119zyku starohebrajskim: &#8222;Ten tas zosta\u0142 ofiarowany kenesie \u015bwi\u0119tej gminy \u0141ucka (niech B\u00f3g j\u0105 wiecznie strze\u017ce) przez pani\u0105 Rachel (niech \u017cyje d\u0142ugie lata), \u017con\u0119 szanownego Simchy \u0141uckiego<\/p>\n\t\t<\/div>\n\t\t\n\t\t<a class=\"elementor-post__read-more\" href=\"https:\/\/davniyhalych.com\/pl\/collection\/chata\/\" aria-label=\"Read more about Chata\" tabindex=\"-1\" >\n\t\t\tDowiedz si\u0119 wi\u0119cej \u00bb\t\t<\/a>\n\n\t\t\t\t<\/div>\n\t\t\t\t<\/article>\n\t\t\t\t<article class=\"elementor-post elementor-grid-item post-9920 collection type-collection status-publish has-post-thumbnail hentry type-archeologia-2 location-muzeum-historii-i-kultury-karaimow\" role=\"listitem\">\n\t\t\t\t<a class=\"elementor-post__thumbnail__link\" href=\"https:\/\/davniyhalych.com\/pl\/collection\/fragment-plytki-reliefowej-gryf-wsrod-roslin\/\" tabindex=\"-1\" >\n\t\t\t<div class=\"elementor-post__thumbnail\"><img decoding=\"async\" width=\"300\" height=\"272\" src=\"https:\/\/davniyhalych.com\/wp-content\/uploads\/2026\/01\/gryfon1-300x272.jpg\" class=\"attachment-medium size-medium wp-image-9912\" alt=\"\" srcset=\"https:\/\/davniyhalych.com\/wp-content\/uploads\/2026\/01\/gryfon1-300x272.jpg 300w, https:\/\/davniyhalych.com\/wp-content\/uploads\/2026\/01\/gryfon1-768x696.jpg 768w, https:\/\/davniyhalych.com\/wp-content\/uploads\/2026\/01\/gryfon1.jpg 794w\" sizes=\"(max-width: 300px) 100vw, 300px\" \/><\/div>\n\t\t<\/a>\n\t\t\t\t<div class=\"elementor-post__text\">\n\t\t\t\t<h3 class=\"elementor-post__title\">\n\t\t\t<a href=\"https:\/\/davniyhalych.com\/pl\/collection\/fragment-plytki-reliefowej-gryf-wsrod-roslin\/\" >\n\t\t\t\tFragment p\u0142ytki reliefowej, Gryf w\u015br\u00f3d ro\u015blin\t\t\t<\/a>\n\t\t<\/h3>\n\t\t\t\t<div class=\"elementor-post__meta-data\">\n\t\t\t\t\t<span class=\"elementor-post-date\">\n\t\t\t23.01.2026\t\t<\/span>\n\t\t\t\t<span class=\"elementor-post-avatar\">\n\t\t\tBrak komentarzy\t\t<\/span>\n\t\t\t\t<\/div>\n\t\t\t\t<div class=\"elementor-post__excerpt\">\n\t\t\t<p>Wszystkie gryfy na p\u0142ytkach halickich maj\u0105 charakterystyczne cechy, takie jak w\u0105skie brody. Niekt\u00f3re gryfy s\u0105 umieszczone w\u015br\u00f3d p\u0119d\u00f3w ro\u015blinnych, a ich ogony ko\u0144cz\u0105 si\u0119 ro\u015blinami dw\u00f3ch typ\u00f3w \u2013 du\u017cymi palmami<\/p>\n\t\t<\/div>\n\t\t\n\t\t<a class=\"elementor-post__read-more\" href=\"https:\/\/davniyhalych.com\/pl\/collection\/fragment-plytki-reliefowej-gryf-wsrod-roslin\/\" aria-label=\"Read more about Fragment p\u0142ytki reliefowej, Gryf w\u015br\u00f3d ro\u015blin\" tabindex=\"-1\" >\n\t\t\tDowiedz si\u0119 wi\u0119cej \u00bb\t\t<\/a>\n\n\t\t\t\t<\/div>\n\t\t\t\t<\/article>\n\t\t\t\t<article class=\"elementor-post elementor-grid-item post-9901 collection type-collection status-publish has-post-thumbnail hentry type-dziedzictwo-fotograficzno-dokumentalne-karaimow-galicyjskich-2 location-muzeum-historii-i-kultury-karaimow\" role=\"listitem\">\n\t\t\t\t<a class=\"elementor-post__thumbnail__link\" href=\"https:\/\/davniyhalych.com\/pl\/collection\/zdjecie-karaimi-galicyjscy\/\" tabindex=\"-1\" >\n\t\t\t<div class=\"elementor-post__thumbnail\"><img loading=\"lazy\" decoding=\"async\" width=\"300\" height=\"240\" src=\"https:\/\/davniyhalych.com\/wp-content\/uploads\/2025\/12\/2025-10-23-14-51-40-01-300x240.jpg\" class=\"attachment-medium size-medium wp-image-9868\" alt=\"\" srcset=\"https:\/\/davniyhalych.com\/wp-content\/uploads\/2025\/12\/2025-10-23-14-51-40-01-300x240.jpg 300w, https:\/\/davniyhalych.com\/wp-content\/uploads\/2025\/12\/2025-10-23-14-51-40-01-1024x818.jpg 1024w, https:\/\/davniyhalych.com\/wp-content\/uploads\/2025\/12\/2025-10-23-14-51-40-01-768x614.jpg 768w, https:\/\/davniyhalych.com\/wp-content\/uploads\/2025\/12\/2025-10-23-14-51-40-01-1536x1227.jpg 1536w, https:\/\/davniyhalych.com\/wp-content\/uploads\/2025\/12\/2025-10-23-14-51-40-01-2048x1636.jpg 2048w\" sizes=\"(max-width: 300px) 100vw, 300px\" \/><\/div>\n\t\t<\/a>\n\t\t\t\t<div class=\"elementor-post__text\">\n\t\t\t\t<h3 class=\"elementor-post__title\">\n\t\t\t<a href=\"https:\/\/davniyhalych.com\/pl\/collection\/zdjecie-karaimi-galicyjscy\/\" >\n\t\t\t\tZdj\u0119cie Karaimi galicyjscy\t\t\t<\/a>\n\t\t<\/h3>\n\t\t\t\t<div class=\"elementor-post__meta-data\">\n\t\t\t\t\t<span class=\"elementor-post-date\">\n\t\t\t24.12.2025\t\t<\/span>\n\t\t\t\t<span class=\"elementor-post-avatar\">\n\t\t\tBrak komentarzy\t\t<\/span>\n\t\t\t\t<\/div>\n\t\t\t\t<div class=\"elementor-post__excerpt\">\n\t\t\t<p>na zdj\u0119ciu w pierwszym rz\u0119dzie po prawej Marek Sulimowicz; w drugim rz\u0119dzie po prawej Szymon Szulimowicz; w trzecim rz\u0119dzie druga po prawej Lina Abrahamowicz (Szulimowicz), Sabina Jeszwowicz (Nowicka), pi\u0105ta &#8211;<\/p>\n\t\t<\/div>\n\t\t\n\t\t<a class=\"elementor-post__read-more\" href=\"https:\/\/davniyhalych.com\/pl\/collection\/zdjecie-karaimi-galicyjscy\/\" aria-label=\"Read more about Zdj\u0119cie Karaimi galicyjscy\" tabindex=\"-1\" >\n\t\t\tDowiedz si\u0119 wi\u0119cej \u00bb\t\t<\/a>\n\n\t\t\t\t<\/div>\n\t\t\t\t<\/article>\n\t\t\t\t<article class=\"elementor-post elementor-grid-item post-9899 collection type-collection status-publish has-post-thumbnail hentry type-dziedzictwo-fotograficzno-dokumentalne-karaimow-galicyjskich-2 location-muzeum-historii-i-kultury-karaimow\" role=\"listitem\">\n\t\t\t\t<a class=\"elementor-post__thumbnail__link\" href=\"https:\/\/davniyhalych.com\/pl\/collection\/uroczyste-spotkanie-przedstawicieli-spolecznosci-karaimskiej-ukrainy-polski-litwy-w-domu-janiny-lwowny-jeszwowicz-w-haliczu\/\" tabindex=\"-1\" >\n\t\t\t<div class=\"elementor-post__thumbnail\"><img loading=\"lazy\" decoding=\"async\" width=\"300\" height=\"207\" src=\"https:\/\/davniyhalych.com\/wp-content\/uploads\/2025\/12\/2025-10-23-15-27-59-01-300x207.jpg\" class=\"attachment-medium size-medium wp-image-9857\" alt=\"\" srcset=\"https:\/\/davniyhalych.com\/wp-content\/uploads\/2025\/12\/2025-10-23-15-27-59-01-300x207.jpg 300w, https:\/\/davniyhalych.com\/wp-content\/uploads\/2025\/12\/2025-10-23-15-27-59-01-1024x707.jpg 1024w, https:\/\/davniyhalych.com\/wp-content\/uploads\/2025\/12\/2025-10-23-15-27-59-01-768x530.jpg 768w, https:\/\/davniyhalych.com\/wp-content\/uploads\/2025\/12\/2025-10-23-15-27-59-01-1536x1060.jpg 1536w, https:\/\/davniyhalych.com\/wp-content\/uploads\/2025\/12\/2025-10-23-15-27-59-01-1015x698.jpg 1015w, https:\/\/davniyhalych.com\/wp-content\/uploads\/2025\/12\/2025-10-23-15-27-59-01.jpg 1766w\" sizes=\"(max-width: 300px) 100vw, 300px\" \/><\/div>\n\t\t<\/a>\n\t\t\t\t<div class=\"elementor-post__text\">\n\t\t\t\t<h3 class=\"elementor-post__title\">\n\t\t\t<a href=\"https:\/\/davniyhalych.com\/pl\/collection\/uroczyste-spotkanie-przedstawicieli-spolecznosci-karaimskiej-ukrainy-polski-litwy-w-domu-janiny-lwowny-jeszwowicz-w-haliczu\/\" >\n\t\t\t\turoczyste spotkanie przedstawicieli spo\u0142eczno\u015bci karaimskiej Ukrainy, Polski, Litwy w domu Janiny Lwowny Jeszwowicz w Haliczu\t\t\t<\/a>\n\t\t<\/h3>\n\t\t\t\t<div class=\"elementor-post__meta-data\">\n\t\t\t\t\t<span class=\"elementor-post-date\">\n\t\t\t24.12.2025\t\t<\/span>\n\t\t\t\t<span class=\"elementor-post-avatar\">\n\t\t\tBrak komentarzy\t\t<\/span>\n\t\t\t\t<\/div>\n\t\t\t\t<div class=\"elementor-post__excerpt\">\n\t\t\t<p>po prawej Sabina Zaj\u0105czkowska, Janina Lwowna Jeszwowicz (1930-2003), modlitw\u0119 czyta hassan Awraam Kefeli, obok niego Anna Sulimowicz, Mariola Abkowicz, z ty\u0142u Walentyn Kapon<\/p>\n\t\t<\/div>\n\t\t\n\t\t<a class=\"elementor-post__read-more\" href=\"https:\/\/davniyhalych.com\/pl\/collection\/uroczyste-spotkanie-przedstawicieli-spolecznosci-karaimskiej-ukrainy-polski-litwy-w-domu-janiny-lwowny-jeszwowicz-w-haliczu\/\" aria-label=\"Read more about uroczyste spotkanie przedstawicieli spo\u0142eczno\u015bci karaimskiej Ukrainy, Polski, Litwy w domu Janiny Lwowny Jeszwowicz w Haliczu\" tabindex=\"-1\" >\n\t\t\tDowiedz si\u0119 wi\u0119cej \u00bb\t\t<\/a>\n\n\t\t\t\t<\/div>\n\t\t\t\t<\/article>\n\t\t\t\t<article class=\"elementor-post elementor-grid-item post-9893 collection type-collection status-publish has-post-thumbnail hentry type-dziedzictwo-fotograficzno-dokumentalne-karaimow-galicyjskich-2 location-muzeum-historii-i-kultury-karaimow\" role=\"listitem\">\n\t\t\t\t<a class=\"elementor-post__thumbnail__link\" href=\"https:\/\/davniyhalych.com\/pl\/collection\/zdjecie-karaimow-z-trok\/\" tabindex=\"-1\" >\n\t\t\t<div class=\"elementor-post__thumbnail\"><img loading=\"lazy\" decoding=\"async\" width=\"300\" height=\"173\" src=\"https:\/\/davniyhalych.com\/wp-content\/uploads\/2025\/12\/2025-10-23-15-11-39-01-300x173.jpg\" class=\"attachment-medium size-medium wp-image-9842\" alt=\"\" srcset=\"https:\/\/davniyhalych.com\/wp-content\/uploads\/2025\/12\/2025-10-23-15-11-39-01-300x173.jpg 300w, https:\/\/davniyhalych.com\/wp-content\/uploads\/2025\/12\/2025-10-23-15-11-39-01-1024x590.jpg 1024w, https:\/\/davniyhalych.com\/wp-content\/uploads\/2025\/12\/2025-10-23-15-11-39-01-768x443.jpg 768w, https:\/\/davniyhalych.com\/wp-content\/uploads\/2025\/12\/2025-10-23-15-11-39-01-1536x885.jpg 1536w, https:\/\/davniyhalych.com\/wp-content\/uploads\/2025\/12\/2025-10-23-15-11-39-01.jpg 1742w\" sizes=\"(max-width: 300px) 100vw, 300px\" \/><\/div>\n\t\t<\/a>\n\t\t\t\t<div class=\"elementor-post__text\">\n\t\t\t\t<h3 class=\"elementor-post__title\">\n\t\t\t<a href=\"https:\/\/davniyhalych.com\/pl\/collection\/zdjecie-karaimow-z-trok\/\" >\n\t\t\t\tZdj\u0119cie Karaim\u00f3w z Trok\t\t\t<\/a>\n\t\t<\/h3>\n\t\t\t\t<div class=\"elementor-post__meta-data\">\n\t\t\t\t\t<span class=\"elementor-post-date\">\n\t\t\t24.12.2025\t\t<\/span>\n\t\t\t\t<span class=\"elementor-post-avatar\">\n\t\t\tBrak komentarzy\t\t<\/span>\n\t\t\t\t<\/div>\n\t\t\t\t<div class=\"elementor-post__excerpt\">\n\t\t\t<p>pierwszy z lewej Semen Leonowicz, Wiera i Josip Mordkowiczowie<\/p>\n\t\t<\/div>\n\t\t\n\t\t<a class=\"elementor-post__read-more\" href=\"https:\/\/davniyhalych.com\/pl\/collection\/zdjecie-karaimow-z-trok\/\" aria-label=\"Read more about Zdj\u0119cie Karaim\u00f3w z Trok\" tabindex=\"-1\" >\n\t\t\tDowiedz si\u0119 wi\u0119cej \u00bb\t\t<\/a>\n\n\t\t\t\t<\/div>\n\t\t\t\t<\/article>\n\t\t\t\t<\/div>\n\t\t\n\t\t\t\t<div class=\"e-load-more-anchor\" data-page=\"1\" data-max-page=\"5\" data-next-page=\"https:\/\/davniyhalych.com\/pl\/wp-json\/wp\/v2\/pages\/6751\/page\/2\/\"><\/div>\n\t\t\t\t<nav class=\"elementor-pagination\" aria-label=\"Pagination\">\n\t\t\t<span aria-current=\"page\" class=\"page-numbers current\"><span class=\"elementor-screen-only\">Page<\/span>1<\/span>\n<a class=\"page-numbers\" href=\"https:\/\/davniyhalych.com\/pl\/wp-json\/wp\/v2\/pages\/6751\/page\/2\/\"><span class=\"elementor-screen-only\">Page<\/span>2<\/a>\n<a class=\"page-numbers\" href=\"https:\/\/davniyhalych.com\/pl\/wp-json\/wp\/v2\/pages\/6751\/page\/3\/\"><span class=\"elementor-screen-only\">Page<\/span>3<\/a>\n<a class=\"page-numbers\" href=\"https:\/\/davniyhalych.com\/pl\/wp-json\/wp\/v2\/pages\/6751\/page\/4\/\"><span class=\"elementor-screen-only\">Page<\/span>4<\/a>\n<a class=\"page-numbers\" href=\"https:\/\/davniyhalych.com\/pl\/wp-json\/wp\/v2\/pages\/6751\/page\/5\/\"><span class=\"elementor-screen-only\">Page<\/span>5<\/a>\t\t<\/nav>\n\t\t\t\t\t\t<\/div>\n\t\t\t\t<\/div>\n\t\t\t\t\t<\/div>\n\t\t\t\t<\/div>\n\t\t\t\t<\/div>\n\t\t","protected":false},"excerpt":{"rendered":"","protected":false},"author":1,"featured_media":0,"parent":0,"menu_order":0,"comment_status":"closed","ping_status":"closed","template":"page-builder.php","meta":{"_monsterinsights_skip_tracking":false,"_monsterinsights_sitenote_active":false,"_monsterinsights_sitenote_note":"","_monsterinsights_sitenote_category":0,"footnotes":""},"class_list":["post-6751","page","type-page","status-publish","hentry"],"acf":[],"yoast_head":"<!-- This site is optimized with the Yoast SEO plugin v27.0 - https:\/\/yoast.com\/product\/yoast-seo-wordpress\/ -->\n<title>Cyfrowe kolekcje - \u041d\u0430\u0446\u0456\u043e\u043d\u0430\u043b\u044c\u043d\u0438\u0439 \u0437\u0430\u043f\u043e\u0432\u0456\u0434\u043d\u0438\u043a &quot;\u0414\u0430\u0432\u043d\u0456\u0439 \u0413\u0430\u043b\u0438\u0447&quot;<\/title>\n<meta name=\"robots\" content=\"index, follow, max-snippet:-1, max-image-preview:large, max-video-preview:-1\" \/>\n<link rel=\"canonical\" href=\"https:\/\/davniyhalych.com\/czyfrovi-kolekcziyi\/\" \/>\n<meta property=\"og:locale\" content=\"pl_PL\" \/>\n<meta property=\"og:type\" content=\"article\" \/>\n<meta property=\"og:title\" content=\"Cyfrowe kolekcje - \u041d\u0430\u0446\u0456\u043e\u043d\u0430\u043b\u044c\u043d\u0438\u0439 \u0437\u0430\u043f\u043e\u0432\u0456\u0434\u043d\u0438\u043a &quot;\u0414\u0430\u0432\u043d\u0456\u0439 \u0413\u0430\u043b\u0438\u0447&quot;\" \/>\n<meta property=\"og:url\" content=\"https:\/\/davniyhalych.com\/czyfrovi-kolekcziyi\/\" \/>\n<meta property=\"og:site_name\" content=\"\u041d\u0430\u0446\u0456\u043e\u043d\u0430\u043b\u044c\u043d\u0438\u0439 \u0437\u0430\u043f\u043e\u0432\u0456\u0434\u043d\u0438\u043a &quot;\u0414\u0430\u0432\u043d\u0456\u0439 \u0413\u0430\u043b\u0438\u0447&quot;\" \/>\n<meta property=\"article:modified_time\" content=\"2025-12-04T23:11:16+00:00\" \/>\n<meta name=\"twitter:card\" content=\"summary_large_image\" \/>\n<script type=\"application\/ld+json\" class=\"yoast-schema-graph\">{\"@context\":\"https:\/\/schema.org\",\"@graph\":[{\"@type\":\"WebPage\",\"@id\":\"https:\/\/davniyhalych.com\/czyfrovi-kolekcziyi\/\",\"url\":\"https:\/\/davniyhalych.com\/czyfrovi-kolekcziyi\/\",\"name\":\"Cyfrowe kolekcje - \u041d\u0430\u0446\u0456\u043e\u043d\u0430\u043b\u044c\u043d\u0438\u0439 \u0437\u0430\u043f\u043e\u0432\u0456\u0434\u043d\u0438\u043a &quot;\u0414\u0430\u0432\u043d\u0456\u0439 \u0413\u0430\u043b\u0438\u0447&quot;\",\"isPartOf\":{\"@id\":\"https:\/\/davniyhalych.com\/#website\"},\"datePublished\":\"2025-11-20T17:52:59+00:00\",\"dateModified\":\"2025-12-04T23:11:16+00:00\",\"breadcrumb\":{\"@id\":\"https:\/\/davniyhalych.com\/czyfrovi-kolekcziyi\/#breadcrumb\"},\"inLanguage\":\"pl-PL\",\"potentialAction\":[{\"@type\":\"ReadAction\",\"target\":[\"https:\/\/davniyhalych.com\/czyfrovi-kolekcziyi\/\"]}]},{\"@type\":\"BreadcrumbList\",\"@id\":\"https:\/\/davniyhalych.com\/czyfrovi-kolekcziyi\/#breadcrumb\",\"itemListElement\":[{\"@type\":\"ListItem\",\"position\":1,\"name\":\"\u0413\u043e\u043b\u043e\u0432\u043d\u0430\",\"item\":\"https:\/\/davniyhalych.com\/pl\/\"},{\"@type\":\"ListItem\",\"position\":2,\"name\":\"Cyfrowe kolekcje\"}]},{\"@type\":\"WebSite\",\"@id\":\"https:\/\/davniyhalych.com\/#website\",\"url\":\"https:\/\/davniyhalych.com\/\",\"name\":\"\u041d\u0430\u0446\u0456\u043e\u043d\u0430\u043b\u044c\u043d\u0438\u0439 \u0437\u0430\u043f\u043e\u0432\u0456\u0434\u043d\u0438\u043a &quot;\u0414\u0430\u0432\u043d\u0456\u0439 \u0413\u0430\u043b\u0438\u0447&quot;\",\"description\":\"\u041d\u0430\u0446\u0456\u043e\u043d\u0430\u043b\u044c\u043d\u0438\u0439 \u0437\u0430\u043f\u043e\u0432\u0456\u0434\u043d\u0438\u043a &quot;\u0414\u0430\u0432\u043d\u0456\u0439 \u0413\u0430\u043b\u0438\u0447&quot;\",\"potentialAction\":[{\"@type\":\"SearchAction\",\"target\":{\"@type\":\"EntryPoint\",\"urlTemplate\":\"https:\/\/davniyhalych.com\/?s={search_term_string}\"},\"query-input\":{\"@type\":\"PropertyValueSpecification\",\"valueRequired\":true,\"valueName\":\"search_term_string\"}}],\"inLanguage\":\"pl-PL\"}]}<\/script>\n<!-- \/ Yoast SEO plugin. -->","yoast_head_json":{"title":"Cyfrowe kolekcje - \u041d\u0430\u0446\u0456\u043e\u043d\u0430\u043b\u044c\u043d\u0438\u0439 \u0437\u0430\u043f\u043e\u0432\u0456\u0434\u043d\u0438\u043a &quot;\u0414\u0430\u0432\u043d\u0456\u0439 \u0413\u0430\u043b\u0438\u0447&quot;","robots":{"index":"index","follow":"follow","max-snippet":"max-snippet:-1","max-image-preview":"max-image-preview:large","max-video-preview":"max-video-preview:-1"},"canonical":"https:\/\/davniyhalych.com\/czyfrovi-kolekcziyi\/","og_locale":"pl_PL","og_type":"article","og_title":"Cyfrowe kolekcje - \u041d\u0430\u0446\u0456\u043e\u043d\u0430\u043b\u044c\u043d\u0438\u0439 \u0437\u0430\u043f\u043e\u0432\u0456\u0434\u043d\u0438\u043a &quot;\u0414\u0430\u0432\u043d\u0456\u0439 \u0413\u0430\u043b\u0438\u0447&quot;","og_url":"https:\/\/davniyhalych.com\/czyfrovi-kolekcziyi\/","og_site_name":"\u041d\u0430\u0446\u0456\u043e\u043d\u0430\u043b\u044c\u043d\u0438\u0439 \u0437\u0430\u043f\u043e\u0432\u0456\u0434\u043d\u0438\u043a &quot;\u0414\u0430\u0432\u043d\u0456\u0439 \u0413\u0430\u043b\u0438\u0447&quot;","article_modified_time":"2025-12-04T23:11:16+00:00","twitter_card":"summary_large_image","schema":{"@context":"https:\/\/schema.org","@graph":[{"@type":"WebPage","@id":"https:\/\/davniyhalych.com\/czyfrovi-kolekcziyi\/","url":"https:\/\/davniyhalych.com\/czyfrovi-kolekcziyi\/","name":"Cyfrowe kolekcje - \u041d\u0430\u0446\u0456\u043e\u043d\u0430\u043b\u044c\u043d\u0438\u0439 \u0437\u0430\u043f\u043e\u0432\u0456\u0434\u043d\u0438\u043a &quot;\u0414\u0430\u0432\u043d\u0456\u0439 \u0413\u0430\u043b\u0438\u0447&quot;","isPartOf":{"@id":"https:\/\/davniyhalych.com\/#website"},"datePublished":"2025-11-20T17:52:59+00:00","dateModified":"2025-12-04T23:11:16+00:00","breadcrumb":{"@id":"https:\/\/davniyhalych.com\/czyfrovi-kolekcziyi\/#breadcrumb"},"inLanguage":"pl-PL","potentialAction":[{"@type":"ReadAction","target":["https:\/\/davniyhalych.com\/czyfrovi-kolekcziyi\/"]}]},{"@type":"BreadcrumbList","@id":"https:\/\/davniyhalych.com\/czyfrovi-kolekcziyi\/#breadcrumb","itemListElement":[{"@type":"ListItem","position":1,"name":"\u0413\u043e\u043b\u043e\u0432\u043d\u0430","item":"https:\/\/davniyhalych.com\/pl\/"},{"@type":"ListItem","position":2,"name":"Cyfrowe kolekcje"}]},{"@type":"WebSite","@id":"https:\/\/davniyhalych.com\/#website","url":"https:\/\/davniyhalych.com\/","name":"\u041d\u0430\u0446\u0456\u043e\u043d\u0430\u043b\u044c\u043d\u0438\u0439 \u0437\u0430\u043f\u043e\u0432\u0456\u0434\u043d\u0438\u043a &quot;\u0414\u0430\u0432\u043d\u0456\u0439 \u0413\u0430\u043b\u0438\u0447&quot;","description":"\u041d\u0430\u0446\u0456\u043e\u043d\u0430\u043b\u044c\u043d\u0438\u0439 \u0437\u0430\u043f\u043e\u0432\u0456\u0434\u043d\u0438\u043a &quot;\u0414\u0430\u0432\u043d\u0456\u0439 \u0413\u0430\u043b\u0438\u0447&quot;","potentialAction":[{"@type":"SearchAction","target":{"@type":"EntryPoint","urlTemplate":"https:\/\/davniyhalych.com\/?s={search_term_string}"},"query-input":{"@type":"PropertyValueSpecification","valueRequired":true,"valueName":"search_term_string"}}],"inLanguage":"pl-PL"}]}},"_links":{"self":[{"href":"https:\/\/davniyhalych.com\/pl\/wp-json\/wp\/v2\/pages\/6751","targetHints":{"allow":["GET"]}}],"collection":[{"href":"https:\/\/davniyhalych.com\/pl\/wp-json\/wp\/v2\/pages"}],"about":[{"href":"https:\/\/davniyhalych.com\/pl\/wp-json\/wp\/v2\/types\/page"}],"author":[{"embeddable":true,"href":"https:\/\/davniyhalych.com\/pl\/wp-json\/wp\/v2\/users\/1"}],"replies":[{"embeddable":true,"href":"https:\/\/davniyhalych.com\/pl\/wp-json\/wp\/v2\/comments?post=6751"}],"version-history":[{"count":6,"href":"https:\/\/davniyhalych.com\/pl\/wp-json\/wp\/v2\/pages\/6751\/revisions"}],"predecessor-version":[{"id":7493,"href":"https:\/\/davniyhalych.com\/pl\/wp-json\/wp\/v2\/pages\/6751\/revisions\/7493"}],"wp:attachment":[{"href":"https:\/\/davniyhalych.com\/pl\/wp-json\/wp\/v2\/media?parent=6751"}],"curies":[{"name":"wp","href":"https:\/\/api.w.org\/{rel}","templated":true}]}}