{"id":5440,"date":"2021-03-07T08:50:08","date_gmt":"2021-03-07T06:50:08","guid":{"rendered":"https:\/\/davniyhalych.com\/o-rezerwacie\/"},"modified":"2025-12-04T14:03:17","modified_gmt":"2025-12-04T12:03:17","slug":"o-rezerwacie","status":"publish","type":"page","link":"https:\/\/davniyhalych.com\/pl\/o-rezerwacie\/","title":{"rendered":"O rezerwacie"},"content":{"rendered":"\t\t<div data-elementor-type=\"wp-page\" data-elementor-id=\"5440\" class=\"elementor elementor-5440 elementor-20\" data-elementor-post-type=\"page\">\n\t\t\t\t\t\t<section class=\"elementor-section elementor-top-section elementor-element elementor-element-c205357 elementor-section-full_width elementor-section-content-top elementor-section-stretched elementor-section-height-default elementor-section-height-default\" data-id=\"c205357\" data-element_type=\"section\" data-e-type=\"section\" data-settings=\"{&quot;background_background&quot;:&quot;classic&quot;,&quot;shape_divider_bottom&quot;:&quot;waves&quot;,&quot;stretch_section&quot;:&quot;section-stretched&quot;,&quot;ekit_has_onepagescroll_dot&quot;:&quot;yes&quot;}\">\n\t\t\t\t\t<div class=\"elementor-shape elementor-shape-bottom\" aria-hidden=\"true\" data-negative=\"false\">\n\t\t\t<svg xmlns=\"http:\/\/www.w3.org\/2000\/svg\" viewBox=\"0 0 1000 100\" preserveAspectRatio=\"none\">\n\t<path class=\"elementor-shape-fill\" d=\"M421.9,6.5c22.6-2.5,51.5,0.4,75.5,5.3c23.6,4.9,70.9,23.5,100.5,35.7c75.8,32.2,133.7,44.5,192.6,49.7\n\tc23.6,2.1,48.7,3.5,103.4-2.5c54.7-6,106.2-25.6,106.2-25.6V0H0v30.3c0,0,72,32.6,158.4,30.5c39.2-0.7,92.8-6.7,134-22.4\n\tc21.2-8.1,52.2-18.2,79.7-24.2C399.3,7.9,411.6,7.5,421.9,6.5z\"\/>\n<\/svg>\t\t<\/div>\n\t\t\t\t\t<div class=\"elementor-container elementor-column-gap-no\">\n\t\t\t\t\t<div class=\"elementor-column elementor-col-100 elementor-top-column elementor-element elementor-element-996cece\" data-id=\"996cece\" data-element_type=\"column\" data-e-type=\"column\" data-settings=\"{&quot;background_background&quot;:&quot;classic&quot;}\">\n\t\t\t<div class=\"elementor-widget-wrap elementor-element-populated\">\n\t\t\t\t\t\t<div class=\"elementor-element elementor-element-5e97485 elementor-widget elementor-widget-heading\" data-id=\"5e97485\" data-element_type=\"widget\" data-e-type=\"widget\" data-settings=\"{&quot;ekit_we_effect_on&quot;:&quot;none&quot;}\" data-widget_type=\"heading.default\">\n\t\t\t\t\t<h2 class=\"elementor-heading-title elementor-size-default\">Historia powstania<\/h2>\t\t\t\t<\/div>\n\t\t\t\t\t<\/div>\n\t\t<\/div>\n\t\t\t\t\t<\/div>\n\t\t<\/section>\n\t\t<div class=\"elementor-element elementor-element-27fe43e e-con-full e-flex e-con e-parent\" data-id=\"27fe43e\" data-element_type=\"container\" data-e-type=\"container\" data-settings=\"{&quot;background_background&quot;:&quot;classic&quot;,&quot;shape_divider_top&quot;:&quot;arrow&quot;,&quot;ekit_has_onepagescroll_dot&quot;:&quot;yes&quot;}\">\n\t\t\t\t<div class=\"elementor-shape elementor-shape-top\" aria-hidden=\"true\" data-negative=\"false\">\n\t\t\t<svg xmlns=\"http:\/\/www.w3.org\/2000\/svg\" viewBox=\"0 0 700 10\" preserveAspectRatio=\"none\">\n\t<path class=\"elementor-shape-fill\" d=\"M350,10L340,0h20L350,10z\"\/>\n<\/svg>\t\t<\/div>\n\t\t\t\t<div class=\"elementor-element elementor-element-8a219f9 elementor-widget elementor-widget-image\" data-id=\"8a219f9\" data-element_type=\"widget\" data-e-type=\"widget\" data-settings=\"{&quot;ekit_we_effect_on&quot;:&quot;none&quot;}\" data-widget_type=\"image.default\">\n\t\t\t\t\t\t\t\t\t\t\t\t\t\t\t<img fetchpriority=\"high\" decoding=\"async\" width=\"640\" height=\"349\" src=\"https:\/\/davniyhalych.com\/wp-content\/uploads\/2025\/11\/nacionalnyy_zapovidnyk_davniy_galych_galych_5-768x419.jpg\" class=\"attachment-medium_large size-medium_large wp-image-1959\" alt=\"\" srcset=\"https:\/\/davniyhalych.com\/wp-content\/uploads\/2025\/11\/nacionalnyy_zapovidnyk_davniy_galych_galych_5-768x419.jpg 768w, https:\/\/davniyhalych.com\/wp-content\/uploads\/2025\/11\/nacionalnyy_zapovidnyk_davniy_galych_galych_5-300x164.jpg 300w, https:\/\/davniyhalych.com\/wp-content\/uploads\/2025\/11\/nacionalnyy_zapovidnyk_davniy_galych_galych_5.jpg 800w\" sizes=\"(max-width: 640px) 100vw, 640px\" \/>\t\t\t\t\t\t\t\t\t\t\t\t\t\t\t<\/div>\n\t\t\t\t<div class=\"elementor-element elementor-element-ba7f8fe elementor-widget elementor-widget-text-editor\" data-id=\"ba7f8fe\" data-element_type=\"widget\" data-e-type=\"widget\" data-settings=\"{&quot;ekit_we_effect_on&quot;:&quot;none&quot;}\" data-widget_type=\"text-editor.default\">\n\t\t\t\t\t\t\t\t\t<p style=\"text-indent: 30px; text-align: justify;\">Narodowy Rezerwat \u201eDawny Halicz\u201d zosta\u0142 utworzony zgodnie z Uchwa\u0142\u0105 Gabinetu Ministr\u00f3w Ukrainy z dnia 8 lutego 1994 roku nr 81 \u201eO pa\u0144stwowym rezerwacie historyczno-kulturowym w m. Halicz obwodu iwanofrankowskiego\u201d oraz Dekretem Prezydenta Ukrainy z dnia 11 pa\u017adziernika 1994 roku nr 587\/94 \u201eO narodowych instytucjach kultury\u201d i podlega Ministerstwu Kultury i Sztuki Ukrainy (obecnie \u2013 Ministerstwo Kultury Ukrainy).<\/p><p style=\"text-indent: 30px; text-align: justify;\">Rezerwat istnieje na bazie kompleksu zabytk\u00f3w historii i kultury, po\u0142\u0105czonych ze sob\u0105 historycznie i krajobrazowo. Rezerwat jest instytucj\u0105 naukowo-badawcz\u0105 i kulturalno-o\u015bwiatow\u0105. G\u0142\u00f3wnym celem rezerwatu jest identyfikacja, badanie, renowacja, zachowanie, popularyzacja i wykorzystanie dziedzictwa kulturowego dawnego Halicza. Dawny Halicz \u2013 stolica Ksi\u0119stwa Halickiego, a p\u00f3\u017aniej jedna ze stolic Pa\u0144stwa Halicko-Wo\u0142y\u0144skiego (Kr\u00f3lestwa Rusi) \u2013 to unikalny zabytek historyczno-archeologiczny o znaczeniu og\u00f3lnoukrai\u0144skim. W 1994 r. na podstawie kompleksu zabytk\u00f3w historycznych i kulturowych z XI-XVII wieku utworzono pa\u0144stwowy rezerwat historyczno-kulturowy, kt\u00f3ry zgodnie z Dekretem Prezydenta Ukrainy otrzyma\u0142 status narodowego i oficjaln\u0105 wsp\u00f3\u0142czesn\u0105 nazw\u0119.<\/p><p style=\"text-indent: 30px; text-align: justify;\">Obok cerkwi \u015bw. Pantelejmona (XII w.), Narodzenia Chrystusa (XIV\u2013XVI w.), Za\u015bni\u0119cia Naj\u015bwi\u0119tszej Bogurodzicy (XVI w.), ko\u015bcio\u0142a i kompleksu klasztornego Karmelit\u00f3w (XVII w.) znajduj\u0105 si\u0119 tu wspomniana w \u201eLatopisie Halicko-Wo\u0142y\u0144skim\u201d mogi\u0142a Halicka, legendarna Ksi\u0105\u017c\u0119ca Studnia, fundamenty wspania\u0142ej katedry Za\u015bni\u0119cia (XII w.) z miejscem poch\u00f3wku ksi\u0119cia Jaros\u0142awa W\u0142odzimierzowicza \u201eOsmomys\u0142a\u201d i kaplic\u0105 \u015bw. Bazylego (XV w.). We wsi Kry\u0142os, kt\u00f3ra znajduje si\u0119 na terenie rezerwatu, zachowa\u0142 si\u0119 system fortyfikacji z kilkoma rz\u0119dami pot\u0119\u017cnych wa\u0142\u00f3w ziemnych. Na malowniczym wzg\u00f3rzu nad Dniestrem wznosz\u0105 si\u0119 mury zamku halickiego \u2013 XIII\u2013XVII w. Ponadto na terenie rezerwatu znajduje si\u0119 prawie 200 zabytk\u00f3w archeologicznych, kt\u00f3re dokumentuj\u0105 etapy powstania i dalszego rozwoju historycznego miasta, kt\u00f3re da\u0142o nazw\u0119 wielkiemu regionowi Ukrainy \u2013 Galicji.<\/p><p style=\"text-indent: 30px; text-align: justify;\">Og\u00f3lnie rzecz bior\u0105c, w przeciwie\u0144stwie do innych ukrai\u0144skich miast, gdzie warstwa kulturowa minionych wiek\u00f3w jest w przewa\u017caj\u0105cej wi\u0119kszo\u015bci bardzo uszkodzona, a nawet ca\u0142kowicie zniszczona przez podziemne instalacje i wsp\u00f3\u0142czesne budowle, ksi\u0105\u017c\u0119cy Halicz do dzi\u015b przechowuje skarby dawnej kultury.<\/p>\t\t\t\t\t\t\t\t<\/div>\n\t\t\t\t<div class=\"elementor-element elementor-element-2689b60 elementor-widget elementor-widget-image\" data-id=\"2689b60\" data-element_type=\"widget\" data-e-type=\"widget\" data-settings=\"{&quot;ekit_we_effect_on&quot;:&quot;none&quot;}\" data-widget_type=\"image.default\">\n\t\t\t\t\t\t\t\t\t\t\t\t\t\t\t<img decoding=\"async\" width=\"640\" height=\"385\" src=\"https:\/\/davniyhalych.com\/wp-content\/uploads\/2025\/11\/2683746_800x600_IMG_4135-768x462.jpg\" class=\"attachment-medium_large size-medium_large wp-image-1972\" alt=\"\" srcset=\"https:\/\/davniyhalych.com\/wp-content\/uploads\/2025\/11\/2683746_800x600_IMG_4135-768x462.jpg 768w, https:\/\/davniyhalych.com\/wp-content\/uploads\/2025\/11\/2683746_800x600_IMG_4135-300x180.jpg 300w, https:\/\/davniyhalych.com\/wp-content\/uploads\/2025\/11\/2683746_800x600_IMG_4135.jpg 800w\" sizes=\"(max-width: 640px) 100vw, 640px\" \/>\t\t\t\t\t\t\t\t\t\t\t\t\t\t\t<\/div>\n\t\t\t\t<\/div>\n\t\t<div class=\"elementor-element elementor-element-09f516f e-flex e-con-boxed e-con e-parent\" data-id=\"09f516f\" data-element_type=\"container\" data-e-type=\"container\" data-settings=\"{&quot;background_background&quot;:&quot;classic&quot;,&quot;shape_divider_top&quot;:&quot;waves&quot;,&quot;ekit_has_onepagescroll_dot&quot;:&quot;yes&quot;}\">\n\t\t\t\t\t<div class=\"e-con-inner\">\n\t\t\t\t<div class=\"elementor-shape elementor-shape-top\" aria-hidden=\"true\" data-negative=\"false\">\n\t\t\t<svg xmlns=\"http:\/\/www.w3.org\/2000\/svg\" viewBox=\"0 0 1000 100\" preserveAspectRatio=\"none\">\n\t<path class=\"elementor-shape-fill\" d=\"M421.9,6.5c22.6-2.5,51.5,0.4,75.5,5.3c23.6,4.9,70.9,23.5,100.5,35.7c75.8,32.2,133.7,44.5,192.6,49.7\n\tc23.6,2.1,48.7,3.5,103.4-2.5c54.7-6,106.2-25.6,106.2-25.6V0H0v30.3c0,0,72,32.6,158.4,30.5c39.2-0.7,92.8-6.7,134-22.4\n\tc21.2-8.1,52.2-18.2,79.7-24.2C399.3,7.9,411.6,7.5,421.9,6.5z\"\/>\n<\/svg>\t\t<\/div>\n\t\t\t\t<div class=\"elementor-element elementor-element-d54255c elementor-widget elementor-widget-heading\" data-id=\"d54255c\" data-element_type=\"widget\" data-e-type=\"widget\" data-settings=\"{&quot;ekit_we_effect_on&quot;:&quot;none&quot;}\" data-widget_type=\"heading.default\">\n\t\t\t\t\t<h2 class=\"elementor-heading-title elementor-size-default\">Nasi partnerzy<\/h2>\t\t\t\t<\/div>\n\t\t\t\t<div class=\"elementor-element elementor-element-8b32aa3 elementor-skin-coverflow elementor-arrows-yes elementor-pagination-type-bullets elementor-pagination-position-outside elementor-widget elementor-widget-media-carousel\" data-id=\"8b32aa3\" data-element_type=\"widget\" data-e-type=\"widget\" data-settings=\"{&quot;skin&quot;:&quot;coverflow&quot;,&quot;slides_per_view&quot;:&quot;1&quot;,&quot;slides_to_scroll&quot;:&quot;1&quot;,&quot;show_arrows&quot;:&quot;yes&quot;,&quot;pagination&quot;:&quot;bullets&quot;,&quot;speed&quot;:500,&quot;autoplay&quot;:&quot;yes&quot;,&quot;autoplay_speed&quot;:5000,&quot;loop&quot;:&quot;yes&quot;,&quot;pause_on_hover&quot;:&quot;yes&quot;,&quot;pause_on_interaction&quot;:&quot;yes&quot;,&quot;space_between&quot;:{&quot;unit&quot;:&quot;px&quot;,&quot;size&quot;:10,&quot;sizes&quot;:[]},&quot;space_between_tablet&quot;:{&quot;unit&quot;:&quot;px&quot;,&quot;size&quot;:10,&quot;sizes&quot;:[]},&quot;space_between_mobile&quot;:{&quot;unit&quot;:&quot;px&quot;,&quot;size&quot;:10,&quot;sizes&quot;:[]},&quot;ekit_we_effect_on&quot;:&quot;none&quot;}\" data-widget_type=\"media-carousel.default\">\n\t\t\t\t\t\t\t\t\t\t<div class=\"elementor-main-swiper swiper\" role=\"region\" aria-roledescription=\"carousel\" aria-label=\"Slides\">\n\t\t\t\t<div class=\"swiper-wrapper\">\n\t\t\t\t\t\t\t\t\t\t\t<div class=\"swiper-slide\" role=\"group\" aria-roledescription=\"slide\">\n\t\t\t\t\t\t\t\t\t<div class=\"elementor-carousel-image\" role=\"img\" aria-label=\"UKR-funded_EU-emblem_Pantone\" style=\"background-image: url(&#039;https:\/\/davniyhalych.com\/wp-content\/uploads\/2025\/11\/ukr-funded_eu-emblem_pantone.png&#039;)\">\n\n\t\t\t\n\t\t\t\t\t<\/div>\n\t\t\t\t\t\t\t\t<\/div>\n\t\t\t\t\t\t\t\t\t\t\t<div class=\"swiper-slide\" role=\"group\" aria-roledescription=\"slide\">\n\t\t\t\t\t\t\t\t\t<div class=\"elementor-carousel-image\" role=\"img\" aria-label=\"Artboard-1-copy-3@41x\" style=\"background-image: url(&#039;https:\/\/davniyhalych.com\/wp-content\/uploads\/2025\/11\/artboard-1-copy-3@41x.png&#039;)\">\n\n\t\t\t\n\t\t\t\t\t<\/div>\n\t\t\t\t\t\t\t\t<\/div>\n\t\t\t\t\t\t\t\t\t\t\t<div class=\"swiper-slide\" role=\"group\" aria-roledescription=\"slide\">\n\t\t\t\t\t\t\t\t\t<div class=\"elementor-carousel-image\" role=\"img\" aria-label=\"\" style=\"background-image: url(&#039;https:\/\/davniyhalych.com\/wp-content\/plugins\/elementor\/assets\/images\/placeholder.png&#039;)\">\n\n\t\t\t\n\t\t\t\t\t<\/div>\n\t\t\t\t\t\t\t\t<\/div>\n\t\t\t\t\t\t\t\t\t<\/div>\n\t\t\t\t\t\t\t\t\t\t\t\t\t\t\t<div class=\"elementor-swiper-button elementor-swiper-button-prev\" role=\"button\" tabindex=\"0\" aria-label=\"Previous\">\n\t\t\t\t\t\t\t<svg aria-hidden=\"true\" class=\"e-font-icon-svg e-eicon-chevron-left\" viewBox=\"0 0 1000 1000\" xmlns=\"http:\/\/www.w3.org\/2000\/svg\"><path d=\"M646 125C629 125 613 133 604 142L308 442C296 454 292 471 292 487 292 504 296 521 308 533L604 854C617 867 629 875 646 875 663 875 679 871 692 858 704 846 713 829 713 812 713 796 708 779 692 767L438 487 692 225C700 217 708 204 708 187 708 171 704 154 692 142 675 129 663 125 646 125Z\"><\/path><\/svg>\t\t\t\t\t\t<\/div>\n\t\t\t\t\t\t<div class=\"elementor-swiper-button elementor-swiper-button-next\" role=\"button\" tabindex=\"0\" aria-label=\"Next\">\n\t\t\t\t\t\t\t<svg aria-hidden=\"true\" class=\"e-font-icon-svg e-eicon-chevron-right\" viewBox=\"0 0 1000 1000\" xmlns=\"http:\/\/www.w3.org\/2000\/svg\"><path d=\"M696 533C708 521 713 504 713 487 713 471 708 454 696 446L400 146C388 133 375 125 354 125 338 125 325 129 313 142 300 154 292 171 292 187 292 204 296 221 308 233L563 492 304 771C292 783 288 800 288 817 288 833 296 850 308 863 321 871 338 875 354 875 371 875 388 867 400 854L696 533Z\"><\/path><\/svg>\t\t\t\t\t\t<\/div>\n\t\t\t\t\t\t\t\t\t\t\t\t\t\t\t\t<div class=\"swiper-pagination\"><\/div>\n\t\t\t\t\t\t\t\t\t\t\t\t<\/div>\n\t\t\t\t\t\t\t\t<\/div>\n\t\t\t\t\t<\/div>\n\t\t\t\t<\/div>\n\t\t\t\t<\/div>\n\t\t","protected":false},"excerpt":{"rendered":"<p>Historia powstania Narodowy Rezerwat \u201eDawny Halicz\u201d zosta\u0142 utworzony zgodnie z Uchwa\u0142\u0105 Gabinetu Ministr\u00f3w Ukrainy z dnia 8 lutego 1994 roku nr 81 \u201eO pa\u0144stwowym rezerwacie historyczno-kulturowym w m. Halicz obwodu [&hellip;]<\/p>\n","protected":false},"author":1,"featured_media":0,"parent":0,"menu_order":0,"comment_status":"closed","ping_status":"closed","template":"page-builder.php","meta":{"_monsterinsights_skip_tracking":false,"_monsterinsights_sitenote_active":false,"_monsterinsights_sitenote_note":"","_monsterinsights_sitenote_category":0,"footnotes":""},"class_list":["post-5440","page","type-page","status-publish","hentry"],"acf":[],"yoast_head":"<!-- This site is optimized with the Yoast SEO plugin v27.0 - https:\/\/yoast.com\/product\/yoast-seo-wordpress\/ -->\n<title>O rezerwacie - \u041d\u0430\u0446\u0456\u043e\u043d\u0430\u043b\u044c\u043d\u0438\u0439 \u0437\u0430\u043f\u043e\u0432\u0456\u0434\u043d\u0438\u043a &quot;\u0414\u0430\u0432\u043d\u0456\u0439 \u0413\u0430\u043b\u0438\u0447&quot;<\/title>\n<meta name=\"robots\" content=\"index, follow, max-snippet:-1, max-image-preview:large, max-video-preview:-1\" \/>\n<link rel=\"canonical\" href=\"https:\/\/davniyhalych.com\/pro-zapovidnyk\/\" \/>\n<meta property=\"og:locale\" content=\"pl_PL\" \/>\n<meta property=\"og:type\" content=\"article\" \/>\n<meta property=\"og:title\" content=\"O rezerwacie - \u041d\u0430\u0446\u0456\u043e\u043d\u0430\u043b\u044c\u043d\u0438\u0439 \u0437\u0430\u043f\u043e\u0432\u0456\u0434\u043d\u0438\u043a &quot;\u0414\u0430\u0432\u043d\u0456\u0439 \u0413\u0430\u043b\u0438\u0447&quot;\" \/>\n<meta property=\"og:description\" content=\"Historia powstania Narodowy Rezerwat \u201eDawny Halicz\u201d zosta\u0142 utworzony zgodnie z Uchwa\u0142\u0105 Gabinetu Ministr\u00f3w Ukrainy z dnia 8 lutego 1994 roku nr 81 \u201eO pa\u0144stwowym rezerwacie historyczno-kulturowym w m. Halicz obwodu [&hellip;]\" \/>\n<meta property=\"og:url\" content=\"https:\/\/davniyhalych.com\/pro-zapovidnyk\/\" \/>\n<meta property=\"og:site_name\" content=\"\u041d\u0430\u0446\u0456\u043e\u043d\u0430\u043b\u044c\u043d\u0438\u0439 \u0437\u0430\u043f\u043e\u0432\u0456\u0434\u043d\u0438\u043a &quot;\u0414\u0430\u0432\u043d\u0456\u0439 \u0413\u0430\u043b\u0438\u0447&quot;\" \/>\n<meta property=\"article:modified_time\" content=\"2025-12-04T12:03:17+00:00\" \/>\n<meta property=\"og:image\" content=\"https:\/\/davniyhalych.com\/wp-content\/uploads\/2025\/11\/nacionalnyy_zapovidnyk_davniy_galych_galych_5-768x419.jpg\" \/>\n<meta name=\"twitter:card\" content=\"summary_large_image\" \/>\n<meta name=\"twitter:label1\" content=\"Szacowany czas czytania\" \/>\n\t<meta name=\"twitter:data1\" content=\"2 minuty\" \/>\n<script type=\"application\/ld+json\" class=\"yoast-schema-graph\">{\"@context\":\"https:\/\/schema.org\",\"@graph\":[{\"@type\":\"WebPage\",\"@id\":\"https:\/\/davniyhalych.com\/pro-zapovidnyk\/\",\"url\":\"https:\/\/davniyhalych.com\/pro-zapovidnyk\/\",\"name\":\"O rezerwacie - \u041d\u0430\u0446\u0456\u043e\u043d\u0430\u043b\u044c\u043d\u0438\u0439 \u0437\u0430\u043f\u043e\u0432\u0456\u0434\u043d\u0438\u043a &quot;\u0414\u0430\u0432\u043d\u0456\u0439 \u0413\u0430\u043b\u0438\u0447&quot;\",\"isPartOf\":{\"@id\":\"https:\/\/davniyhalych.com\/#website\"},\"primaryImageOfPage\":{\"@id\":\"https:\/\/davniyhalych.com\/pro-zapovidnyk\/#primaryimage\"},\"image\":{\"@id\":\"https:\/\/davniyhalych.com\/pro-zapovidnyk\/#primaryimage\"},\"thumbnailUrl\":\"https:\/\/davniyhalych.com\/wp-content\/uploads\/2025\/11\/nacionalnyy_zapovidnyk_davniy_galych_galych_5-768x419.jpg\",\"datePublished\":\"2021-03-07T06:50:08+00:00\",\"dateModified\":\"2025-12-04T12:03:17+00:00\",\"breadcrumb\":{\"@id\":\"https:\/\/davniyhalych.com\/pro-zapovidnyk\/#breadcrumb\"},\"inLanguage\":\"pl-PL\",\"potentialAction\":[{\"@type\":\"ReadAction\",\"target\":[\"https:\/\/davniyhalych.com\/pro-zapovidnyk\/\"]}]},{\"@type\":\"ImageObject\",\"inLanguage\":\"pl-PL\",\"@id\":\"https:\/\/davniyhalych.com\/pro-zapovidnyk\/#primaryimage\",\"url\":\"https:\/\/davniyhalych.com\/wp-content\/uploads\/2025\/11\/nacionalnyy_zapovidnyk_davniy_galych_galych_5-768x419.jpg\",\"contentUrl\":\"https:\/\/davniyhalych.com\/wp-content\/uploads\/2025\/11\/nacionalnyy_zapovidnyk_davniy_galych_galych_5-768x419.jpg\"},{\"@type\":\"BreadcrumbList\",\"@id\":\"https:\/\/davniyhalych.com\/pro-zapovidnyk\/#breadcrumb\",\"itemListElement\":[{\"@type\":\"ListItem\",\"position\":1,\"name\":\"\u0413\u043e\u043b\u043e\u0432\u043d\u0430\",\"item\":\"https:\/\/davniyhalych.com\/pl\/\"},{\"@type\":\"ListItem\",\"position\":2,\"name\":\"O rezerwacie\"}]},{\"@type\":\"WebSite\",\"@id\":\"https:\/\/davniyhalych.com\/#website\",\"url\":\"https:\/\/davniyhalych.com\/\",\"name\":\"\u041d\u0430\u0446\u0456\u043e\u043d\u0430\u043b\u044c\u043d\u0438\u0439 \u0437\u0430\u043f\u043e\u0432\u0456\u0434\u043d\u0438\u043a &quot;\u0414\u0430\u0432\u043d\u0456\u0439 \u0413\u0430\u043b\u0438\u0447&quot;\",\"description\":\"\u041d\u0430\u0446\u0456\u043e\u043d\u0430\u043b\u044c\u043d\u0438\u0439 \u0437\u0430\u043f\u043e\u0432\u0456\u0434\u043d\u0438\u043a &quot;\u0414\u0430\u0432\u043d\u0456\u0439 \u0413\u0430\u043b\u0438\u0447&quot;\",\"potentialAction\":[{\"@type\":\"SearchAction\",\"target\":{\"@type\":\"EntryPoint\",\"urlTemplate\":\"https:\/\/davniyhalych.com\/?s={search_term_string}\"},\"query-input\":{\"@type\":\"PropertyValueSpecification\",\"valueRequired\":true,\"valueName\":\"search_term_string\"}}],\"inLanguage\":\"pl-PL\"}]}<\/script>\n<!-- \/ Yoast SEO plugin. -->","yoast_head_json":{"title":"O rezerwacie - \u041d\u0430\u0446\u0456\u043e\u043d\u0430\u043b\u044c\u043d\u0438\u0439 \u0437\u0430\u043f\u043e\u0432\u0456\u0434\u043d\u0438\u043a &quot;\u0414\u0430\u0432\u043d\u0456\u0439 \u0413\u0430\u043b\u0438\u0447&quot;","robots":{"index":"index","follow":"follow","max-snippet":"max-snippet:-1","max-image-preview":"max-image-preview:large","max-video-preview":"max-video-preview:-1"},"canonical":"https:\/\/davniyhalych.com\/pro-zapovidnyk\/","og_locale":"pl_PL","og_type":"article","og_title":"O rezerwacie - \u041d\u0430\u0446\u0456\u043e\u043d\u0430\u043b\u044c\u043d\u0438\u0439 \u0437\u0430\u043f\u043e\u0432\u0456\u0434\u043d\u0438\u043a &quot;\u0414\u0430\u0432\u043d\u0456\u0439 \u0413\u0430\u043b\u0438\u0447&quot;","og_description":"Historia powstania Narodowy Rezerwat \u201eDawny Halicz\u201d zosta\u0142 utworzony zgodnie z Uchwa\u0142\u0105 Gabinetu Ministr\u00f3w Ukrainy z dnia 8 lutego 1994 roku nr 81 \u201eO pa\u0144stwowym rezerwacie historyczno-kulturowym w m. Halicz obwodu [&hellip;]","og_url":"https:\/\/davniyhalych.com\/pro-zapovidnyk\/","og_site_name":"\u041d\u0430\u0446\u0456\u043e\u043d\u0430\u043b\u044c\u043d\u0438\u0439 \u0437\u0430\u043f\u043e\u0432\u0456\u0434\u043d\u0438\u043a &quot;\u0414\u0430\u0432\u043d\u0456\u0439 \u0413\u0430\u043b\u0438\u0447&quot;","article_modified_time":"2025-12-04T12:03:17+00:00","og_image":[{"url":"https:\/\/davniyhalych.com\/wp-content\/uploads\/2025\/11\/nacionalnyy_zapovidnyk_davniy_galych_galych_5-768x419.jpg","type":"","width":"","height":""}],"twitter_card":"summary_large_image","twitter_misc":{"Szacowany czas czytania":"2 minuty"},"schema":{"@context":"https:\/\/schema.org","@graph":[{"@type":"WebPage","@id":"https:\/\/davniyhalych.com\/pro-zapovidnyk\/","url":"https:\/\/davniyhalych.com\/pro-zapovidnyk\/","name":"O rezerwacie - \u041d\u0430\u0446\u0456\u043e\u043d\u0430\u043b\u044c\u043d\u0438\u0439 \u0437\u0430\u043f\u043e\u0432\u0456\u0434\u043d\u0438\u043a &quot;\u0414\u0430\u0432\u043d\u0456\u0439 \u0413\u0430\u043b\u0438\u0447&quot;","isPartOf":{"@id":"https:\/\/davniyhalych.com\/#website"},"primaryImageOfPage":{"@id":"https:\/\/davniyhalych.com\/pro-zapovidnyk\/#primaryimage"},"image":{"@id":"https:\/\/davniyhalych.com\/pro-zapovidnyk\/#primaryimage"},"thumbnailUrl":"https:\/\/davniyhalych.com\/wp-content\/uploads\/2025\/11\/nacionalnyy_zapovidnyk_davniy_galych_galych_5-768x419.jpg","datePublished":"2021-03-07T06:50:08+00:00","dateModified":"2025-12-04T12:03:17+00:00","breadcrumb":{"@id":"https:\/\/davniyhalych.com\/pro-zapovidnyk\/#breadcrumb"},"inLanguage":"pl-PL","potentialAction":[{"@type":"ReadAction","target":["https:\/\/davniyhalych.com\/pro-zapovidnyk\/"]}]},{"@type":"ImageObject","inLanguage":"pl-PL","@id":"https:\/\/davniyhalych.com\/pro-zapovidnyk\/#primaryimage","url":"https:\/\/davniyhalych.com\/wp-content\/uploads\/2025\/11\/nacionalnyy_zapovidnyk_davniy_galych_galych_5-768x419.jpg","contentUrl":"https:\/\/davniyhalych.com\/wp-content\/uploads\/2025\/11\/nacionalnyy_zapovidnyk_davniy_galych_galych_5-768x419.jpg"},{"@type":"BreadcrumbList","@id":"https:\/\/davniyhalych.com\/pro-zapovidnyk\/#breadcrumb","itemListElement":[{"@type":"ListItem","position":1,"name":"\u0413\u043e\u043b\u043e\u0432\u043d\u0430","item":"https:\/\/davniyhalych.com\/pl\/"},{"@type":"ListItem","position":2,"name":"O rezerwacie"}]},{"@type":"WebSite","@id":"https:\/\/davniyhalych.com\/#website","url":"https:\/\/davniyhalych.com\/","name":"\u041d\u0430\u0446\u0456\u043e\u043d\u0430\u043b\u044c\u043d\u0438\u0439 \u0437\u0430\u043f\u043e\u0432\u0456\u0434\u043d\u0438\u043a &quot;\u0414\u0430\u0432\u043d\u0456\u0439 \u0413\u0430\u043b\u0438\u0447&quot;","description":"\u041d\u0430\u0446\u0456\u043e\u043d\u0430\u043b\u044c\u043d\u0438\u0439 \u0437\u0430\u043f\u043e\u0432\u0456\u0434\u043d\u0438\u043a &quot;\u0414\u0430\u0432\u043d\u0456\u0439 \u0413\u0430\u043b\u0438\u0447&quot;","potentialAction":[{"@type":"SearchAction","target":{"@type":"EntryPoint","urlTemplate":"https:\/\/davniyhalych.com\/?s={search_term_string}"},"query-input":{"@type":"PropertyValueSpecification","valueRequired":true,"valueName":"search_term_string"}}],"inLanguage":"pl-PL"}]}},"_links":{"self":[{"href":"https:\/\/davniyhalych.com\/pl\/wp-json\/wp\/v2\/pages\/5440","targetHints":{"allow":["GET"]}}],"collection":[{"href":"https:\/\/davniyhalych.com\/pl\/wp-json\/wp\/v2\/pages"}],"about":[{"href":"https:\/\/davniyhalych.com\/pl\/wp-json\/wp\/v2\/types\/page"}],"author":[{"embeddable":true,"href":"https:\/\/davniyhalych.com\/pl\/wp-json\/wp\/v2\/users\/1"}],"replies":[{"embeddable":true,"href":"https:\/\/davniyhalych.com\/pl\/wp-json\/wp\/v2\/comments?post=5440"}],"version-history":[{"count":16,"href":"https:\/\/davniyhalych.com\/pl\/wp-json\/wp\/v2\/pages\/5440\/revisions"}],"predecessor-version":[{"id":7399,"href":"https:\/\/davniyhalych.com\/pl\/wp-json\/wp\/v2\/pages\/5440\/revisions\/7399"}],"wp:attachment":[{"href":"https:\/\/davniyhalych.com\/pl\/wp-json\/wp\/v2\/media?parent=5440"}],"curies":[{"name":"wp","href":"https:\/\/api.w.org\/{rel}","templated":true}]}}