{"id":5412,"date":"2025-11-08T17:15:16","date_gmt":"2025-11-08T15:15:16","guid":{"rendered":"https:\/\/davniyhalych.com\/nowosci\/"},"modified":"2025-12-05T13:19:20","modified_gmt":"2025-12-05T11:19:20","slug":"nowosci","status":"publish","type":"page","link":"https:\/\/davniyhalych.com\/pl\/nowosci\/","title":{"rendered":"Nowo\u015bci"},"content":{"rendered":"\t\t<div data-elementor-type=\"wp-page\" data-elementor-id=\"5412\" class=\"elementor elementor-5412 elementor-5328\" data-elementor-post-type=\"page\">\n\t\t\t\t<div class=\"elementor-element elementor-element-9845718 e-flex e-con-boxed e-con e-parent\" data-id=\"9845718\" data-element_type=\"container\" data-e-type=\"container\" data-settings=\"{&quot;ekit_has_onepagescroll_dot&quot;:&quot;yes&quot;}\">\n\t\t\t\t\t<div class=\"e-con-inner\">\n\t\t\t\t<div class=\"elementor-element elementor-element-bedfbdf elementor-widget elementor-widget-elementskit-blog-posts\" data-id=\"bedfbdf\" data-element_type=\"widget\" data-e-type=\"widget\" data-settings=\"{&quot;ekit_we_effect_on&quot;:&quot;none&quot;}\" data-widget_type=\"elementskit-blog-posts.default\">\n\t\t\t\t\t<div class=\"ekit-wid-con\" >\n        <div id=\"post-items--bedfbdf\" class=\"row post-items ekit-blog-posts-content wihout-masonry \" data-enable=\"no\">\n\n\t\t\t<!-- Blog Carousel markup render -->\n\t\t\t\n\n            <div class=\"col-lg-6 col-md-6\">\n\n                                    <div class=\"elementskit-post-image-card\">\n                        <div class=\"elementskit-entry-header\">\n                                                            <a href=\"https:\/\/davniyhalych.com\/pl\/bez-kategorii\/miasta-ksiazat-ozyly-w-starozytnym-zwenihorodzie-2\/\" class=\"elementskit-entry-thumb\">\n                                    <img decoding=\"async\" src=\"https:\/\/davniyhalych.com\/wp-content\/uploads\/2025\/11\/FB_IMG_1761042144591-225x300.jpg\" alt=\"Miasta ksi\u0105\u017c\u0105t o\u017cy\u0142y w \u201eStaro\u017cytnym Zwenihorodzie\u201d!\">\n                                <\/a><!-- .elementskit-entry-thumb END -->\n                                                            \n                            \n                                                    <\/div><!-- .elementskit-entry-header END -->\n\n                        <div class=\"elementskit-post-body \">\n                            \n                                                                                                                                                        \n                                        \n                                        \t\t\t\t\t\t\t\t\t\t                <h2 class=\"entry-title\">\n                    <a href=\"https:\/\/davniyhalych.com\/pl\/bez-kategorii\/miasta-ksiazat-ozyly-w-starozytnym-zwenihorodzie-2\/\">\n                            Miasta ksi\u0105\u017c\u0105t o\u017cy\u0142y w \u201eStaro\u017cytnym Zwenihorodzie\u201d!                    <\/a>\n                <\/h2>\n                                                                                                                                                    \t\t\t\t\t\t\t\t\t\t<p>Zesp\u00f3\u0142 Narodowego Rezerwatu \u201eDawny Halicz\u201d na czele z dyrektorem generalnym Wo\u0142odymyrem Olijnykiem wzi\u0105\u0142 udzia\u0142 w uroczystej prezentacji zakrojonego na szerok\u0105 skal\u0119 projektu \u201eMiasta ksi\u0105\u017c\u0105t: Zwenihorod i kultura miejska \u015bredniowiecznych miast\u201d&hellip;<\/p>\n                                                                                                                                                        <div class=\"btn-wraper\">\n                                    \n                                                                            <a href=\"https:\/\/davniyhalych.com\/pl\/bez-kategorii\/miasta-ksiazat-ozyly-w-starozytnym-zwenihorodzie-2\/\" class=\"elementskit-btn  whitespace--normal\" >\n                                                                                    Dowiedz si\u0119 wi\u0119cej                                         <\/a>\n                                                                    <\/div>\n                                                    <\/div><!-- .elementskit-post-body END -->\n                    <\/div>\n                \n            <\/div>\t\t\t\t\n\n            <div class=\"col-lg-6 col-md-6\">\n\n                                    <div class=\"elementskit-post-image-card\">\n                        <div class=\"elementskit-entry-header\">\n                                                            <a href=\"https:\/\/davniyhalych.com\/pl\/aktualnosci\/biezace-wydarzenia\/spotkanie-nie-o-formalnosciach-lecz-o-postepie\/\" class=\"elementskit-entry-thumb\">\n                                    <img decoding=\"async\" src=\"https:\/\/davniyhalych.com\/wp-content\/uploads\/2025\/11\/FB_IMG_1761041505051-225x300.jpg\" alt=\"Spotkanie \u2013 nie o formalno\u015bciach, lecz o post\u0119pie\">\n                                <\/a><!-- .elementskit-entry-thumb END -->\n                                                            \n                            \n                                                    <\/div><!-- .elementskit-entry-header END -->\n\n                        <div class=\"elementskit-post-body \">\n                            \n                                                                                                                                                        \n                                        \n                                        \t\t\t\t\t\t\t\t\t\t                <h2 class=\"entry-title\">\n                    <a href=\"https:\/\/davniyhalych.com\/pl\/aktualnosci\/biezace-wydarzenia\/spotkanie-nie-o-formalnosciach-lecz-o-postepie\/\">\n                            Spotkanie \u2013 nie o formalno\u015bciach, lecz o post\u0119pie                    <\/a>\n                <\/h2>\n                                                                                                                                                    \t\t\t\t\t\t\t\t\t\t<p>Co tydzie\u0144 zesp\u00f3\u0142 Rezerwatu \u201eDawny Halicz\u201d pod kierownictwem dyrektora generalnego Wo\u0142odymyra Olijnyka spotyka si\u0119, aby skoordynowa\u0107 dzia\u0142ania, wyznaczy\u0107 nowe cele i nie zatrzymywa\u0107 si\u0119 w rozwoju. Dzi\u015b \u2013 o systematyczno\u015bci,&hellip;<\/p>\n                                                                                                                                                        <div class=\"btn-wraper\">\n                                    \n                                                                            <a href=\"https:\/\/davniyhalych.com\/pl\/aktualnosci\/biezace-wydarzenia\/spotkanie-nie-o-formalnosciach-lecz-o-postepie\/\" class=\"elementskit-btn  whitespace--normal\" >\n                                                                                    Dowiedz si\u0119 wi\u0119cej                                         <\/a>\n                                                                    <\/div>\n                                                    <\/div><!-- .elementskit-post-body END -->\n                    <\/div>\n                \n            <\/div>\t\t\t\t\n\n            <div class=\"col-lg-6 col-md-6\">\n\n                                    <div class=\"elementskit-post-image-card\">\n                        <div class=\"elementskit-entry-header\">\n                                                            <a href=\"https:\/\/davniyhalych.com\/pl\/aktualnosci\/biezace-wydarzenia\/drodzy-przyjaciele\/\" class=\"elementskit-entry-thumb\">\n                                    <img decoding=\"async\" src=\"https:\/\/davniyhalych.com\/wp-content\/uploads\/2025\/11\/FB_IMG_1761042223769-225x300.jpg\" alt=\"Drodzy przyjaciele!\">\n                                <\/a><!-- .elementskit-entry-thumb END -->\n                                                            \n                            \n                                                    <\/div><!-- .elementskit-entry-header END -->\n\n                        <div class=\"elementskit-post-body \">\n                            \n                                                                                                                                                        \n                                        \n                                        \t\t\t\t\t\t\t\t\t\t                <h2 class=\"entry-title\">\n                    <a href=\"https:\/\/davniyhalych.com\/pl\/aktualnosci\/biezace-wydarzenia\/drodzy-przyjaciele\/\">\n                            Drodzy przyjaciele!                    <\/a>\n                <\/h2>\n                                                                                                                                                    \t\t\t\t\t\t\t\t\t\t<p>Dzielimy si\u0119 wspania\u0142\u0105 wiadomo\u015bci\u0105 Narodowy Rezerwat \u201eDawny Halicz\u201d realizuje projekt \u201eDigitalizacja dziedzictwa fotograficzno-dokumentalnego Karaim\u00f3w halickich\u201d, wspierany przez Uni\u0119 Europejsk\u0105 w ramach programu House of Europe. Jest to niezwykle wa\u017cna, a&hellip;<\/p>\n                                                                                                                                                        <div class=\"btn-wraper\">\n                                    \n                                                                            <a href=\"https:\/\/davniyhalych.com\/pl\/aktualnosci\/biezace-wydarzenia\/drodzy-przyjaciele\/\" class=\"elementskit-btn  whitespace--normal\" >\n                                                                                    Dowiedz si\u0119 wi\u0119cej                                         <\/a>\n                                                                    <\/div>\n                                                    <\/div><!-- .elementskit-post-body END -->\n                    <\/div>\n                \n            <\/div>\t\t\t\t\n\n            <div class=\"col-lg-6 col-md-6\">\n\n                                    <div class=\"elementskit-post-image-card\">\n                        <div class=\"elementskit-entry-header\">\n                                                            <a href=\"https:\/\/davniyhalych.com\/pl\/aktualnosci\/biezace-wydarzenia\/naukowcy-z-rezerwatu-uczestnicy-miedzynarodowej-konferencji-w-tustaniu\/\" class=\"elementskit-entry-thumb\">\n                                    <img decoding=\"async\" src=\"https:\/\/davniyhalych.com\/wp-content\/uploads\/2025\/11\/FB_IMG_1761041374155-300x225.jpg\" alt=\"Naukowcy z rezerwatu \u2013 uczestnicy mi\u0119dzynarodowej konferencji w Tustaniu\">\n                                <\/a><!-- .elementskit-entry-thumb END -->\n                                                            \n                            \n                                                    <\/div><!-- .elementskit-entry-header END -->\n\n                        <div class=\"elementskit-post-body \">\n                            \n                                                                                                                                                        \n                                        \n                                        \t\t\t\t\t\t\t\t\t\t                <h2 class=\"entry-title\">\n                    <a href=\"https:\/\/davniyhalych.com\/pl\/aktualnosci\/biezace-wydarzenia\/naukowcy-z-rezerwatu-uczestnicy-miedzynarodowej-konferencji-w-tustaniu\/\">\n                            Naukowcy z rezerwatu \u2013 uczestnicy mi\u0119dzynarodowej konferencji w Tustaniu                    <\/a>\n                <\/h2>\n                                                                                                                                                    \t\t\t\t\t\t\t\t\t\t<p>W dniach 16\u201317 pa\u017adziernika 2025 roku we Lwowie i we wsi Urycz odby\u0142a si\u0119 VII Mi\u0119dzynarodowa Konferencja Naukowo-Praktyczna \u201eBadania, interpretacja i muzealizacja nieruchomego dziedzictwa i krajobraz\u00f3w kulturowych Karpat\u201d, po\u015bwi\u0119cona 20-leciu&hellip;<\/p>\n                                                                                                                                                        <div class=\"btn-wraper\">\n                                    \n                                                                            <a href=\"https:\/\/davniyhalych.com\/pl\/aktualnosci\/biezace-wydarzenia\/naukowcy-z-rezerwatu-uczestnicy-miedzynarodowej-konferencji-w-tustaniu\/\" class=\"elementskit-btn  whitespace--normal\" >\n                                                                                    Dowiedz si\u0119 wi\u0119cej                                         <\/a>\n                                                                    <\/div>\n                                                    <\/div><!-- .elementskit-post-body END -->\n                    <\/div>\n                \n            <\/div>\t\t\t\t        <\/div>\n        \n        \n        <\/div>\t\t\t\t<\/div>\n\t\t\t\t\t<\/div>\n\t\t\t\t<\/div>\n\t\t\t\t<\/div>\n\t\t","protected":false},"excerpt":{"rendered":"<p>\u041c\u0456\u0441\u0442\u0430 \u043a\u043d\u044f\u0437\u0456\u0432 \u043e\u0436\u0438\u043b\u0438 \u0443 \u201c\u0414\u0440\u0435\u0432\u043d\u044c\u043e\u043c\u0443 \u0417\u0432\u0435\u043d\u0438\u0433\u043e\u0440\u043e\u0434\u0456\u201d! \u041a\u043e\u043c\u0430\u043d\u0434\u0430 \u041d\u0430\u0446\u0456\u043e\u043d\u0430\u043b\u044c\u043d\u043e\u0433\u043e \u0437\u0430\u043f\u043e\u0432\u0456\u0434\u043d\u0438\u043a\u0430 &#8222;\u0414\u0430\u0432\u043d\u0456\u0439 \u0413\u0430\u043b\u0438\u0447&#8221; \u043d\u0430 \u0447\u043e\u043b\u0456 \u0437 \u0433\u0435\u043d\u0435\u0440\u0430\u043b\u044c\u043d\u0438\u043c \u0434\u0438\u0440\u0435\u043a\u0442\u043e\u0440\u043e\u043c \u0412\u043e\u043b\u043e\u0434\u0438\u043c\u0438\u0440\u043e\u043c \u041e\u043b\u0456\u0439\u043d\u0438\u043a\u043e\u043c \u0434\u043e\u043b\u0443\u0447\u0438\u043b\u0430\u0441\u044f \u0434\u043e \u0443\u0440\u043e\u0447\u0438\u0441\u0442\u043e\u0457 \u043f\u0440\u0435\u0437\u0435\u043d\u0442\u0430\u0446\u0456\u0457 \u043c\u0430\u0441\u0448\u0442\u0430\u0431\u043d\u043e\u0433\u043e \u043f\u0440\u043e\u0454\u043a\u0442\u0443 \u00ab\u041c\u0456\u0441\u0442\u0430 \u043a\u043d\u044f\u0437\u0456\u0432: \u0417\u0432\u0435\u043d\u0438\u0433\u043e\u0440\u043e\u0434 \u0456 \u043c\u0456\u0441\u044c\u043a\u0430 \u043a\u0443\u043b\u044c\u0442\u0443\u0440\u0430 [&hellip;] <\/p>\n","protected":false},"author":1,"featured_media":0,"parent":0,"menu_order":0,"comment_status":"closed","ping_status":"closed","template":"page-builder.php","meta":{"_monsterinsights_skip_tracking":false,"_monsterinsights_sitenote_active":false,"_monsterinsights_sitenote_note":"","_monsterinsights_sitenote_category":0,"footnotes":""},"class_list":["post-5412","page","type-page","status-publish","hentry"],"acf":[],"yoast_head":"<!-- This site is optimized with the Yoast SEO plugin v27.0 - https:\/\/yoast.com\/product\/yoast-seo-wordpress\/ -->\n<title>Nowo\u015bci - \u041d\u0430\u0446\u0456\u043e\u043d\u0430\u043b\u044c\u043d\u0438\u0439 \u0437\u0430\u043f\u043e\u0432\u0456\u0434\u043d\u0438\u043a &quot;\u0414\u0430\u0432\u043d\u0456\u0439 \u0413\u0430\u043b\u0438\u0447&quot;<\/title>\n<meta name=\"robots\" content=\"index, follow, max-snippet:-1, max-image-preview:large, max-video-preview:-1\" \/>\n<link rel=\"canonical\" href=\"https:\/\/davniyhalych.com\/novyny\/\" \/>\n<meta property=\"og:locale\" content=\"pl_PL\" \/>\n<meta property=\"og:type\" content=\"article\" \/>\n<meta property=\"og:title\" content=\"Nowo\u015bci - \u041d\u0430\u0446\u0456\u043e\u043d\u0430\u043b\u044c\u043d\u0438\u0439 \u0437\u0430\u043f\u043e\u0432\u0456\u0434\u043d\u0438\u043a &quot;\u0414\u0430\u0432\u043d\u0456\u0439 \u0413\u0430\u043b\u0438\u0447&quot;\" \/>\n<meta property=\"og:description\" content=\"\u041c\u0456\u0441\u0442\u0430 \u043a\u043d\u044f\u0437\u0456\u0432 \u043e\u0436\u0438\u043b\u0438 \u0443 \u201c\u0414\u0440\u0435\u0432\u043d\u044c\u043e\u043c\u0443 \u0417\u0432\u0435\u043d\u0438\u0433\u043e\u0440\u043e\u0434\u0456\u201d! \u041a\u043e\u043c\u0430\u043d\u0434\u0430 \u041d\u0430\u0446\u0456\u043e\u043d\u0430\u043b\u044c\u043d\u043e\u0433\u043e \u0437\u0430\u043f\u043e\u0432\u0456\u0434\u043d\u0438\u043a\u0430 &#8222;\u0414\u0430\u0432\u043d\u0456\u0439 \u0413\u0430\u043b\u0438\u0447&#8221; \u043d\u0430 \u0447\u043e\u043b\u0456 \u0437 \u0433\u0435\u043d\u0435\u0440\u0430\u043b\u044c\u043d\u0438\u043c \u0434\u0438\u0440\u0435\u043a\u0442\u043e\u0440\u043e\u043c \u0412\u043e\u043b\u043e\u0434\u0438\u043c\u0438\u0440\u043e\u043c \u041e\u043b\u0456\u0439\u043d\u0438\u043a\u043e\u043c \u0434\u043e\u043b\u0443\u0447\u0438\u043b\u0430\u0441\u044f \u0434\u043e \u0443\u0440\u043e\u0447\u0438\u0441\u0442\u043e\u0457 \u043f\u0440\u0435\u0437\u0435\u043d\u0442\u0430\u0446\u0456\u0457 \u043c\u0430\u0441\u0448\u0442\u0430\u0431\u043d\u043e\u0433\u043e \u043f\u0440\u043e\u0454\u043a\u0442\u0443 \u00ab\u041c\u0456\u0441\u0442\u0430 \u043a\u043d\u044f\u0437\u0456\u0432: \u0417\u0432\u0435\u043d\u0438\u0433\u043e\u0440\u043e\u0434 \u0456 \u043c\u0456\u0441\u044c\u043a\u0430 \u043a\u0443\u043b\u044c\u0442\u0443\u0440\u0430 [&hellip;]\" \/>\n<meta property=\"og:url\" content=\"https:\/\/davniyhalych.com\/novyny\/\" \/>\n<meta property=\"og:site_name\" content=\"\u041d\u0430\u0446\u0456\u043e\u043d\u0430\u043b\u044c\u043d\u0438\u0439 \u0437\u0430\u043f\u043e\u0432\u0456\u0434\u043d\u0438\u043a &quot;\u0414\u0430\u0432\u043d\u0456\u0439 \u0413\u0430\u043b\u0438\u0447&quot;\" \/>\n<meta property=\"article:modified_time\" content=\"2025-12-05T11:19:20+00:00\" \/>\n<meta property=\"og:image\" content=\"https:\/\/davniyhalych.com\/wp-content\/uploads\/2025\/11\/FB_IMG_1761042144591-225x300.jpg\" \/>\n<meta name=\"twitter:card\" content=\"summary_large_image\" \/>\n<meta name=\"twitter:label1\" content=\"Szacowany czas czytania\" \/>\n\t<meta name=\"twitter:data1\" content=\"2 minuty\" \/>\n<script type=\"application\/ld+json\" class=\"yoast-schema-graph\">{\"@context\":\"https:\/\/schema.org\",\"@graph\":[{\"@type\":\"WebPage\",\"@id\":\"https:\/\/davniyhalych.com\/novyny\/\",\"url\":\"https:\/\/davniyhalych.com\/novyny\/\",\"name\":\"Nowo\u015bci - \u041d\u0430\u0446\u0456\u043e\u043d\u0430\u043b\u044c\u043d\u0438\u0439 \u0437\u0430\u043f\u043e\u0432\u0456\u0434\u043d\u0438\u043a &quot;\u0414\u0430\u0432\u043d\u0456\u0439 \u0413\u0430\u043b\u0438\u0447&quot;\",\"isPartOf\":{\"@id\":\"https:\/\/davniyhalych.com\/#website\"},\"primaryImageOfPage\":{\"@id\":\"https:\/\/davniyhalych.com\/novyny\/#primaryimage\"},\"image\":{\"@id\":\"https:\/\/davniyhalych.com\/novyny\/#primaryimage\"},\"thumbnailUrl\":\"https:\/\/davniyhalych.com\/wp-content\/uploads\/2025\/11\/FB_IMG_1761042144591-225x300.jpg\",\"datePublished\":\"2025-11-08T15:15:16+00:00\",\"dateModified\":\"2025-12-05T11:19:20+00:00\",\"breadcrumb\":{\"@id\":\"https:\/\/davniyhalych.com\/novyny\/#breadcrumb\"},\"inLanguage\":\"pl-PL\",\"potentialAction\":[{\"@type\":\"ReadAction\",\"target\":[\"https:\/\/davniyhalych.com\/novyny\/\"]}]},{\"@type\":\"ImageObject\",\"inLanguage\":\"pl-PL\",\"@id\":\"https:\/\/davniyhalych.com\/novyny\/#primaryimage\",\"url\":\"https:\/\/davniyhalych.com\/wp-content\/uploads\/2025\/11\/FB_IMG_1761042144591-225x300.jpg\",\"contentUrl\":\"https:\/\/davniyhalych.com\/wp-content\/uploads\/2025\/11\/FB_IMG_1761042144591-225x300.jpg\"},{\"@type\":\"BreadcrumbList\",\"@id\":\"https:\/\/davniyhalych.com\/novyny\/#breadcrumb\",\"itemListElement\":[{\"@type\":\"ListItem\",\"position\":1,\"name\":\"\u0413\u043e\u043b\u043e\u0432\u043d\u0430\",\"item\":\"https:\/\/davniyhalych.com\/pl\/\"},{\"@type\":\"ListItem\",\"position\":2,\"name\":\"Nowo\u015bci\"}]},{\"@type\":\"WebSite\",\"@id\":\"https:\/\/davniyhalych.com\/#website\",\"url\":\"https:\/\/davniyhalych.com\/\",\"name\":\"\u041d\u0430\u0446\u0456\u043e\u043d\u0430\u043b\u044c\u043d\u0438\u0439 \u0437\u0430\u043f\u043e\u0432\u0456\u0434\u043d\u0438\u043a &quot;\u0414\u0430\u0432\u043d\u0456\u0439 \u0413\u0430\u043b\u0438\u0447&quot;\",\"description\":\"\u041d\u0430\u0446\u0456\u043e\u043d\u0430\u043b\u044c\u043d\u0438\u0439 \u0437\u0430\u043f\u043e\u0432\u0456\u0434\u043d\u0438\u043a &quot;\u0414\u0430\u0432\u043d\u0456\u0439 \u0413\u0430\u043b\u0438\u0447&quot;\",\"potentialAction\":[{\"@type\":\"SearchAction\",\"target\":{\"@type\":\"EntryPoint\",\"urlTemplate\":\"https:\/\/davniyhalych.com\/?s={search_term_string}\"},\"query-input\":{\"@type\":\"PropertyValueSpecification\",\"valueRequired\":true,\"valueName\":\"search_term_string\"}}],\"inLanguage\":\"pl-PL\"}]}<\/script>\n<!-- \/ Yoast SEO plugin. -->","yoast_head_json":{"title":"Nowo\u015bci - \u041d\u0430\u0446\u0456\u043e\u043d\u0430\u043b\u044c\u043d\u0438\u0439 \u0437\u0430\u043f\u043e\u0432\u0456\u0434\u043d\u0438\u043a &quot;\u0414\u0430\u0432\u043d\u0456\u0439 \u0413\u0430\u043b\u0438\u0447&quot;","robots":{"index":"index","follow":"follow","max-snippet":"max-snippet:-1","max-image-preview":"max-image-preview:large","max-video-preview":"max-video-preview:-1"},"canonical":"https:\/\/davniyhalych.com\/novyny\/","og_locale":"pl_PL","og_type":"article","og_title":"Nowo\u015bci - \u041d\u0430\u0446\u0456\u043e\u043d\u0430\u043b\u044c\u043d\u0438\u0439 \u0437\u0430\u043f\u043e\u0432\u0456\u0434\u043d\u0438\u043a &quot;\u0414\u0430\u0432\u043d\u0456\u0439 \u0413\u0430\u043b\u0438\u0447&quot;","og_description":"\u041c\u0456\u0441\u0442\u0430 \u043a\u043d\u044f\u0437\u0456\u0432 \u043e\u0436\u0438\u043b\u0438 \u0443 \u201c\u0414\u0440\u0435\u0432\u043d\u044c\u043e\u043c\u0443 \u0417\u0432\u0435\u043d\u0438\u0433\u043e\u0440\u043e\u0434\u0456\u201d! \u041a\u043e\u043c\u0430\u043d\u0434\u0430 \u041d\u0430\u0446\u0456\u043e\u043d\u0430\u043b\u044c\u043d\u043e\u0433\u043e \u0437\u0430\u043f\u043e\u0432\u0456\u0434\u043d\u0438\u043a\u0430 &#8222;\u0414\u0430\u0432\u043d\u0456\u0439 \u0413\u0430\u043b\u0438\u0447&#8221; \u043d\u0430 \u0447\u043e\u043b\u0456 \u0437 \u0433\u0435\u043d\u0435\u0440\u0430\u043b\u044c\u043d\u0438\u043c \u0434\u0438\u0440\u0435\u043a\u0442\u043e\u0440\u043e\u043c \u0412\u043e\u043b\u043e\u0434\u0438\u043c\u0438\u0440\u043e\u043c \u041e\u043b\u0456\u0439\u043d\u0438\u043a\u043e\u043c \u0434\u043e\u043b\u0443\u0447\u0438\u043b\u0430\u0441\u044f \u0434\u043e \u0443\u0440\u043e\u0447\u0438\u0441\u0442\u043e\u0457 \u043f\u0440\u0435\u0437\u0435\u043d\u0442\u0430\u0446\u0456\u0457 \u043c\u0430\u0441\u0448\u0442\u0430\u0431\u043d\u043e\u0433\u043e \u043f\u0440\u043e\u0454\u043a\u0442\u0443 \u00ab\u041c\u0456\u0441\u0442\u0430 \u043a\u043d\u044f\u0437\u0456\u0432: \u0417\u0432\u0435\u043d\u0438\u0433\u043e\u0440\u043e\u0434 \u0456 \u043c\u0456\u0441\u044c\u043a\u0430 \u043a\u0443\u043b\u044c\u0442\u0443\u0440\u0430 [&hellip;]","og_url":"https:\/\/davniyhalych.com\/novyny\/","og_site_name":"\u041d\u0430\u0446\u0456\u043e\u043d\u0430\u043b\u044c\u043d\u0438\u0439 \u0437\u0430\u043f\u043e\u0432\u0456\u0434\u043d\u0438\u043a &quot;\u0414\u0430\u0432\u043d\u0456\u0439 \u0413\u0430\u043b\u0438\u0447&quot;","article_modified_time":"2025-12-05T11:19:20+00:00","og_image":[{"url":"https:\/\/davniyhalych.com\/wp-content\/uploads\/2025\/11\/FB_IMG_1761042144591-225x300.jpg","type":"","width":"","height":""}],"twitter_card":"summary_large_image","twitter_misc":{"Szacowany czas czytania":"2 minuty"},"schema":{"@context":"https:\/\/schema.org","@graph":[{"@type":"WebPage","@id":"https:\/\/davniyhalych.com\/novyny\/","url":"https:\/\/davniyhalych.com\/novyny\/","name":"Nowo\u015bci - \u041d\u0430\u0446\u0456\u043e\u043d\u0430\u043b\u044c\u043d\u0438\u0439 \u0437\u0430\u043f\u043e\u0432\u0456\u0434\u043d\u0438\u043a &quot;\u0414\u0430\u0432\u043d\u0456\u0439 \u0413\u0430\u043b\u0438\u0447&quot;","isPartOf":{"@id":"https:\/\/davniyhalych.com\/#website"},"primaryImageOfPage":{"@id":"https:\/\/davniyhalych.com\/novyny\/#primaryimage"},"image":{"@id":"https:\/\/davniyhalych.com\/novyny\/#primaryimage"},"thumbnailUrl":"https:\/\/davniyhalych.com\/wp-content\/uploads\/2025\/11\/FB_IMG_1761042144591-225x300.jpg","datePublished":"2025-11-08T15:15:16+00:00","dateModified":"2025-12-05T11:19:20+00:00","breadcrumb":{"@id":"https:\/\/davniyhalych.com\/novyny\/#breadcrumb"},"inLanguage":"pl-PL","potentialAction":[{"@type":"ReadAction","target":["https:\/\/davniyhalych.com\/novyny\/"]}]},{"@type":"ImageObject","inLanguage":"pl-PL","@id":"https:\/\/davniyhalych.com\/novyny\/#primaryimage","url":"https:\/\/davniyhalych.com\/wp-content\/uploads\/2025\/11\/FB_IMG_1761042144591-225x300.jpg","contentUrl":"https:\/\/davniyhalych.com\/wp-content\/uploads\/2025\/11\/FB_IMG_1761042144591-225x300.jpg"},{"@type":"BreadcrumbList","@id":"https:\/\/davniyhalych.com\/novyny\/#breadcrumb","itemListElement":[{"@type":"ListItem","position":1,"name":"\u0413\u043e\u043b\u043e\u0432\u043d\u0430","item":"https:\/\/davniyhalych.com\/pl\/"},{"@type":"ListItem","position":2,"name":"Nowo\u015bci"}]},{"@type":"WebSite","@id":"https:\/\/davniyhalych.com\/#website","url":"https:\/\/davniyhalych.com\/","name":"\u041d\u0430\u0446\u0456\u043e\u043d\u0430\u043b\u044c\u043d\u0438\u0439 \u0437\u0430\u043f\u043e\u0432\u0456\u0434\u043d\u0438\u043a &quot;\u0414\u0430\u0432\u043d\u0456\u0439 \u0413\u0430\u043b\u0438\u0447&quot;","description":"\u041d\u0430\u0446\u0456\u043e\u043d\u0430\u043b\u044c\u043d\u0438\u0439 \u0437\u0430\u043f\u043e\u0432\u0456\u0434\u043d\u0438\u043a &quot;\u0414\u0430\u0432\u043d\u0456\u0439 \u0413\u0430\u043b\u0438\u0447&quot;","potentialAction":[{"@type":"SearchAction","target":{"@type":"EntryPoint","urlTemplate":"https:\/\/davniyhalych.com\/?s={search_term_string}"},"query-input":{"@type":"PropertyValueSpecification","valueRequired":true,"valueName":"search_term_string"}}],"inLanguage":"pl-PL"}]}},"_links":{"self":[{"href":"https:\/\/davniyhalych.com\/pl\/wp-json\/wp\/v2\/pages\/5412","targetHints":{"allow":["GET"]}}],"collection":[{"href":"https:\/\/davniyhalych.com\/pl\/wp-json\/wp\/v2\/pages"}],"about":[{"href":"https:\/\/davniyhalych.com\/pl\/wp-json\/wp\/v2\/types\/page"}],"author":[{"embeddable":true,"href":"https:\/\/davniyhalych.com\/pl\/wp-json\/wp\/v2\/users\/1"}],"replies":[{"embeddable":true,"href":"https:\/\/davniyhalych.com\/pl\/wp-json\/wp\/v2\/comments?post=5412"}],"version-history":[{"count":6,"href":"https:\/\/davniyhalych.com\/pl\/wp-json\/wp\/v2\/pages\/5412\/revisions"}],"predecessor-version":[{"id":7518,"href":"https:\/\/davniyhalych.com\/pl\/wp-json\/wp\/v2\/pages\/5412\/revisions\/7518"}],"wp:attachment":[{"href":"https:\/\/davniyhalych.com\/pl\/wp-json\/wp\/v2\/media?parent=5412"}],"curies":[{"name":"wp","href":"https:\/\/api.w.org\/{rel}","templated":true}]}}