{"id":5410,"date":"2025-11-08T17:15:16","date_gmt":"2025-11-08T15:15:16","guid":{"rendered":"https:\/\/davniyhalych.com\/news-2\/"},"modified":"2025-12-05T13:27:25","modified_gmt":"2025-12-05T11:27:25","slug":"news-2","status":"publish","type":"page","link":"https:\/\/davniyhalych.com\/en\/news-2\/","title":{"rendered":"News"},"content":{"rendered":"\t\t<div data-elementor-type=\"wp-page\" data-elementor-id=\"5410\" class=\"elementor elementor-5410 elementor-5328\" data-elementor-post-type=\"page\">\n\t\t\t\t<div class=\"elementor-element elementor-element-9845718 e-flex e-con-boxed e-con e-parent\" data-id=\"9845718\" data-element_type=\"container\" data-e-type=\"container\" data-settings=\"{&quot;ekit_has_onepagescroll_dot&quot;:&quot;yes&quot;}\">\n\t\t\t\t\t<div class=\"e-con-inner\">\n\t\t\t\t<div class=\"elementor-element elementor-element-bedfbdf elementor-widget elementor-widget-elementskit-blog-posts\" data-id=\"bedfbdf\" data-element_type=\"widget\" data-e-type=\"widget\" data-settings=\"{&quot;ekit_we_effect_on&quot;:&quot;none&quot;}\" data-widget_type=\"elementskit-blog-posts.default\">\n\t\t\t\t\t<div class=\"ekit-wid-con\" >\n        <div id=\"post-items--bedfbdf\" class=\"row post-items ekit-blog-posts-content wihout-masonry \" data-enable=\"no\">\n\n\t\t\t<!-- Blog Carousel markup render -->\n\t\t\t\n\n            <div class=\"col-lg-6 col-md-6\">\n\n                                    <div class=\"elementskit-post-image-card\">\n                        <div class=\"elementskit-entry-header\">\n                                                            <a href=\"https:\/\/davniyhalych.com\/en\/%d0%b1%d0%b5%d0%b7-%d0%ba%d0%b0%d1%82%d0%b5%d0%b3%d0%be%d1%80%d1%96%d1%97\/princely-cities-came-to-life-in-ancient-zvenyhorod-2\/\" class=\"elementskit-entry-thumb\">\n                                    <img decoding=\"async\" src=\"https:\/\/davniyhalych.com\/wp-content\/uploads\/2025\/11\/FB_IMG_1761042144591-225x300.jpg\" alt=\"Princely cities came to life in &#8220;Ancient Zvenyhorod&#8221;!\">\n                                <\/a><!-- .elementskit-entry-thumb END -->\n                                                            \n                            \n                                                    <\/div><!-- .elementskit-entry-header END -->\n\n                        <div class=\"elementskit-post-body \">\n                            \n                                                                                                                                                        \n                                        \n                                        \t\t\t\t\t\t\t\t\t\t                <h2 class=\"entry-title\">\n                    <a href=\"https:\/\/davniyhalych.com\/en\/%d0%b1%d0%b5%d0%b7-%d0%ba%d0%b0%d1%82%d0%b5%d0%b3%d0%be%d1%80%d1%96%d1%97\/princely-cities-came-to-life-in-ancient-zvenyhorod-2\/\">\n                            Princely cities came to life in &#8220;Ancient Zvenyhorod&#8221;!                    <\/a>\n                <\/h2>\n                                                                                                                                                    \t\t\t\t\t\t\t\t\t\t<p>The team of the &#8220;Ancient Halych&#8221; National Reserve, led by Director General Volodymyr Oliynyk, participated in the solemn presentation of the large-scale project &#8220;Princely Cities: Zvenyhorod and the Urban Culture&hellip;<\/p>\n                                                                                                                                                        <div class=\"btn-wraper\">\n                                    \n                                                                            <a href=\"https:\/\/davniyhalych.com\/en\/%d0%b1%d0%b5%d0%b7-%d0%ba%d0%b0%d1%82%d0%b5%d0%b3%d0%be%d1%80%d1%96%d1%97\/princely-cities-came-to-life-in-ancient-zvenyhorod-2\/\" class=\"elementskit-btn  whitespace--normal\" >\n                                                                                    Learn more                                         <\/a>\n                                                                    <\/div>\n                                                    <\/div><!-- .elementskit-post-body END -->\n                    <\/div>\n                \n            <\/div>\t\t\t\t\n\n            <div class=\"col-lg-6 col-md-6\">\n\n                                    <div class=\"elementskit-post-image-card\">\n                        <div class=\"elementskit-entry-header\">\n                                                            <a href=\"https:\/\/davniyhalych.com\/en\/news\/current-events\/a-meeting-is-not-about-formalities-but-about-moving-forward\/\" class=\"elementskit-entry-thumb\">\n                                    <img decoding=\"async\" src=\"https:\/\/davniyhalych.com\/wp-content\/uploads\/2025\/11\/FB_IMG_1761041505051-225x300.jpg\" alt=\"A meeting is not about formalities, but about moving forward\">\n                                <\/a><!-- .elementskit-entry-thumb END -->\n                                                            \n                            \n                                                    <\/div><!-- .elementskit-entry-header END -->\n\n                        <div class=\"elementskit-post-body \">\n                            \n                                                                                                                                                        \n                                        \n                                        \t\t\t\t\t\t\t\t\t\t                <h2 class=\"entry-title\">\n                    <a href=\"https:\/\/davniyhalych.com\/en\/news\/current-events\/a-meeting-is-not-about-formalities-but-about-moving-forward\/\">\n                            A meeting is not about formalities, but about moving forward                    <\/a>\n                <\/h2>\n                                                                                                                                                    \t\t\t\t\t\t\t\t\t\t<p>Every week, the team of the &#8220;Ancient Halych&#8221; Reserve, led by Director General Volodymyr Oliynyk, gathers to coordinate actions, define new goals, and continue developing. Today \u2014 about systematic approach,&hellip;<\/p>\n                                                                                                                                                        <div class=\"btn-wraper\">\n                                    \n                                                                            <a href=\"https:\/\/davniyhalych.com\/en\/news\/current-events\/a-meeting-is-not-about-formalities-but-about-moving-forward\/\" class=\"elementskit-btn  whitespace--normal\" >\n                                                                                    Learn more                                         <\/a>\n                                                                    <\/div>\n                                                    <\/div><!-- .elementskit-post-body END -->\n                    <\/div>\n                \n            <\/div>\t\t\t\t\n\n            <div class=\"col-lg-6 col-md-6\">\n\n                                    <div class=\"elementskit-post-image-card\">\n                        <div class=\"elementskit-entry-header\">\n                                                            <a href=\"https:\/\/davniyhalych.com\/en\/news\/current-events\/dear-friends\/\" class=\"elementskit-entry-thumb\">\n                                    <img decoding=\"async\" src=\"https:\/\/davniyhalych.com\/wp-content\/uploads\/2025\/11\/FB_IMG_1761042223769-225x300.jpg\" alt=\"Dear friends!\">\n                                <\/a><!-- .elementskit-entry-thumb END -->\n                                                            \n                            \n                                                    <\/div><!-- .elementskit-entry-header END -->\n\n                        <div class=\"elementskit-post-body \">\n                            \n                                                                                                                                                        \n                                        \n                                        \t\t\t\t\t\t\t\t\t\t                <h2 class=\"entry-title\">\n                    <a href=\"https:\/\/davniyhalych.com\/en\/news\/current-events\/dear-friends\/\">\n                            Dear friends!                    <\/a>\n                <\/h2>\n                                                                                                                                                    \t\t\t\t\t\t\t\t\t\t<p>Dzielimy si\u0119 wspania\u0142\u0105 wiadomo\u015bci\u0105 Narodowy Rezerwat \u201eDawny Halicz\u201d realizuje projekt \u201eDigitalizacja dziedzictwa fotograficzno-dokumentalnego Karaim\u00f3w halickich\u201d, wspierany przez Uni\u0119 Europejsk\u0105 w ramach programu House of Europe. Jest to niezwykle wa\u017cna, a&hellip;<\/p>\n                                                                                                                                                        <div class=\"btn-wraper\">\n                                    \n                                                                            <a href=\"https:\/\/davniyhalych.com\/en\/news\/current-events\/dear-friends\/\" class=\"elementskit-btn  whitespace--normal\" >\n                                                                                    Learn more                                         <\/a>\n                                                                    <\/div>\n                                                    <\/div><!-- .elementskit-post-body END -->\n                    <\/div>\n                \n            <\/div>\t\t\t\t\n\n            <div class=\"col-lg-6 col-md-6\">\n\n                                    <div class=\"elementskit-post-image-card\">\n                        <div class=\"elementskit-entry-header\">\n                                                            <a href=\"https:\/\/davniyhalych.com\/en\/news\/current-events\/scientists-of-the-reserve-participants-of-the-international-conference-in-tustan-2\/\" class=\"elementskit-entry-thumb\">\n                                    <img decoding=\"async\" src=\"https:\/\/davniyhalych.com\/wp-content\/uploads\/2025\/11\/FB_IMG_1761041374155-300x225.jpg\" alt=\"Scientists of the Reserve \u2014 participants of the international conference in Tustan\">\n                                <\/a><!-- .elementskit-entry-thumb END -->\n                                                            \n                            \n                                                    <\/div><!-- .elementskit-entry-header END -->\n\n                        <div class=\"elementskit-post-body \">\n                            \n                                                                                                                                                        \n                                        \n                                        \t\t\t\t\t\t\t\t\t\t                <h2 class=\"entry-title\">\n                    <a href=\"https:\/\/davniyhalych.com\/en\/news\/current-events\/scientists-of-the-reserve-participants-of-the-international-conference-in-tustan-2\/\">\n                            Scientists of the Reserve \u2014 participants of the international conference in Tustan                    <\/a>\n                <\/h2>\n                                                                                                                                                    \t\t\t\t\t\t\t\t\t\t<p>W dniach 16\u201317 pa\u017adziernika 2025 roku we Lwowie i we wsi Urycz odby\u0142a si\u0119 VII Mi\u0119dzynarodowa Konferencja Naukowo-Praktyczna \u201eBadania, interpretacja i muzealizacja nieruchomego dziedzictwa i krajobraz\u00f3w kulturowych Karpat\u201d, po\u015bwi\u0119cona 20-leciu&hellip;<\/p>\n                                                                                                                                                        <div class=\"btn-wraper\">\n                                    \n                                                                            <a href=\"https:\/\/davniyhalych.com\/en\/news\/current-events\/scientists-of-the-reserve-participants-of-the-international-conference-in-tustan-2\/\" class=\"elementskit-btn  whitespace--normal\" >\n                                                                                    Learn more                                         <\/a>\n                                                                    <\/div>\n                                                    <\/div><!-- .elementskit-post-body END -->\n                    <\/div>\n                \n            <\/div>\t\t\t\t        <\/div>\n        \n        \n        <\/div>\t\t\t\t<\/div>\n\t\t\t\t\t<\/div>\n\t\t\t\t<\/div>\n\t\t\t\t<\/div>\n\t\t","protected":false},"excerpt":{"rendered":"<p>\u041c\u0456\u0441\u0442\u0430 \u043a\u043d\u044f\u0437\u0456\u0432 \u043e\u0436\u0438\u043b\u0438 \u0443 \u201c\u0414\u0440\u0435\u0432\u043d\u044c\u043e\u043c\u0443 \u0417\u0432\u0435\u043d\u0438\u0433\u043e\u0440\u043e\u0434\u0456\u201d! \u041a\u043e\u043c\u0430\u043d\u0434\u0430 \u041d\u0430\u0446\u0456\u043e\u043d\u0430\u043b\u044c\u043d\u043e\u0433\u043e \u0437\u0430\u043f\u043e\u0432\u0456\u0434\u043d\u0438\u043a\u0430 &#8220;\u0414\u0430\u0432\u043d\u0456\u0439 \u0413\u0430\u043b\u0438\u0447&#8221; \u043d\u0430 \u0447\u043e\u043b\u0456 \u0437 \u0433\u0435\u043d\u0435\u0440\u0430\u043b\u044c\u043d\u0438\u043c \u0434\u0438\u0440\u0435\u043a\u0442\u043e\u0440\u043e\u043c \u0412\u043e\u043b\u043e\u0434\u0438\u043c\u0438\u0440\u043e\u043c \u041e\u043b\u0456\u0439\u043d\u0438\u043a\u043e\u043c \u0434\u043e\u043b\u0443\u0447\u0438\u043b\u0430\u0441\u044f \u0434\u043e \u0443\u0440\u043e\u0447\u0438\u0441\u0442\u043e\u0457 \u043f\u0440\u0435\u0437\u0435\u043d\u0442\u0430\u0446\u0456\u0457 \u043c\u0430\u0441\u0448\u0442\u0430\u0431\u043d\u043e\u0433\u043e \u043f\u0440\u043e\u0454\u043a\u0442\u0443 \u00ab\u041c\u0456\u0441\u0442\u0430 \u043a\u043d\u044f\u0437\u0456\u0432: \u0417\u0432\u0435\u043d\u0438\u0433\u043e\u0440\u043e\u0434 \u0456 \u043c\u0456\u0441\u044c\u043a\u0430 \u043a\u0443\u043b\u044c\u0442\u0443\u0440\u0430 [&hellip;] <\/p>\n","protected":false},"author":1,"featured_media":0,"parent":0,"menu_order":0,"comment_status":"closed","ping_status":"closed","template":"page-builder.php","meta":{"_monsterinsights_skip_tracking":false,"_monsterinsights_sitenote_active":false,"_monsterinsights_sitenote_note":"","_monsterinsights_sitenote_category":0,"footnotes":""},"class_list":["post-5410","page","type-page","status-publish","hentry"],"acf":[],"yoast_head":"<!-- This site is optimized with the Yoast SEO plugin v27.0 - https:\/\/yoast.com\/product\/yoast-seo-wordpress\/ -->\n<title>News - \u041d\u0430\u0446\u0456\u043e\u043d\u0430\u043b\u044c\u043d\u0438\u0439 \u0437\u0430\u043f\u043e\u0432\u0456\u0434\u043d\u0438\u043a &quot;\u0414\u0430\u0432\u043d\u0456\u0439 \u0413\u0430\u043b\u0438\u0447&quot;<\/title>\n<meta name=\"robots\" content=\"index, follow, max-snippet:-1, max-image-preview:large, max-video-preview:-1\" \/>\n<link rel=\"canonical\" href=\"https:\/\/davniyhalych.com\/novyny\/\" \/>\n<meta property=\"og:locale\" content=\"en_US\" \/>\n<meta property=\"og:type\" content=\"article\" \/>\n<meta property=\"og:title\" content=\"News - \u041d\u0430\u0446\u0456\u043e\u043d\u0430\u043b\u044c\u043d\u0438\u0439 \u0437\u0430\u043f\u043e\u0432\u0456\u0434\u043d\u0438\u043a &quot;\u0414\u0430\u0432\u043d\u0456\u0439 \u0413\u0430\u043b\u0438\u0447&quot;\" \/>\n<meta property=\"og:description\" content=\"\u041c\u0456\u0441\u0442\u0430 \u043a\u043d\u044f\u0437\u0456\u0432 \u043e\u0436\u0438\u043b\u0438 \u0443 \u201c\u0414\u0440\u0435\u0432\u043d\u044c\u043e\u043c\u0443 \u0417\u0432\u0435\u043d\u0438\u0433\u043e\u0440\u043e\u0434\u0456\u201d! \u041a\u043e\u043c\u0430\u043d\u0434\u0430 \u041d\u0430\u0446\u0456\u043e\u043d\u0430\u043b\u044c\u043d\u043e\u0433\u043e \u0437\u0430\u043f\u043e\u0432\u0456\u0434\u043d\u0438\u043a\u0430 &#8220;\u0414\u0430\u0432\u043d\u0456\u0439 \u0413\u0430\u043b\u0438\u0447&#8221; \u043d\u0430 \u0447\u043e\u043b\u0456 \u0437 \u0433\u0435\u043d\u0435\u0440\u0430\u043b\u044c\u043d\u0438\u043c \u0434\u0438\u0440\u0435\u043a\u0442\u043e\u0440\u043e\u043c \u0412\u043e\u043b\u043e\u0434\u0438\u043c\u0438\u0440\u043e\u043c \u041e\u043b\u0456\u0439\u043d\u0438\u043a\u043e\u043c \u0434\u043e\u043b\u0443\u0447\u0438\u043b\u0430\u0441\u044f \u0434\u043e \u0443\u0440\u043e\u0447\u0438\u0441\u0442\u043e\u0457 \u043f\u0440\u0435\u0437\u0435\u043d\u0442\u0430\u0446\u0456\u0457 \u043c\u0430\u0441\u0448\u0442\u0430\u0431\u043d\u043e\u0433\u043e \u043f\u0440\u043e\u0454\u043a\u0442\u0443 \u00ab\u041c\u0456\u0441\u0442\u0430 \u043a\u043d\u044f\u0437\u0456\u0432: \u0417\u0432\u0435\u043d\u0438\u0433\u043e\u0440\u043e\u0434 \u0456 \u043c\u0456\u0441\u044c\u043a\u0430 \u043a\u0443\u043b\u044c\u0442\u0443\u0440\u0430 [&hellip;]\" \/>\n<meta property=\"og:url\" content=\"https:\/\/davniyhalych.com\/novyny\/\" \/>\n<meta property=\"og:site_name\" content=\"\u041d\u0430\u0446\u0456\u043e\u043d\u0430\u043b\u044c\u043d\u0438\u0439 \u0437\u0430\u043f\u043e\u0432\u0456\u0434\u043d\u0438\u043a &quot;\u0414\u0430\u0432\u043d\u0456\u0439 \u0413\u0430\u043b\u0438\u0447&quot;\" \/>\n<meta property=\"article:modified_time\" content=\"2025-12-05T11:27:25+00:00\" \/>\n<meta property=\"og:image\" content=\"https:\/\/davniyhalych.com\/wp-content\/uploads\/2025\/11\/FB_IMG_1761042144591-225x300.jpg\" \/>\n<meta name=\"twitter:card\" content=\"summary_large_image\" \/>\n<meta name=\"twitter:label1\" content=\"Est. reading time\" \/>\n\t<meta name=\"twitter:data1\" content=\"2 minutes\" \/>\n<script type=\"application\/ld+json\" class=\"yoast-schema-graph\">{\"@context\":\"https:\/\/schema.org\",\"@graph\":[{\"@type\":\"WebPage\",\"@id\":\"https:\/\/davniyhalych.com\/novyny\/\",\"url\":\"https:\/\/davniyhalych.com\/novyny\/\",\"name\":\"News - \u041d\u0430\u0446\u0456\u043e\u043d\u0430\u043b\u044c\u043d\u0438\u0439 \u0437\u0430\u043f\u043e\u0432\u0456\u0434\u043d\u0438\u043a &quot;\u0414\u0430\u0432\u043d\u0456\u0439 \u0413\u0430\u043b\u0438\u0447&quot;\",\"isPartOf\":{\"@id\":\"https:\/\/davniyhalych.com\/#website\"},\"primaryImageOfPage\":{\"@id\":\"https:\/\/davniyhalych.com\/novyny\/#primaryimage\"},\"image\":{\"@id\":\"https:\/\/davniyhalych.com\/novyny\/#primaryimage\"},\"thumbnailUrl\":\"https:\/\/davniyhalych.com\/wp-content\/uploads\/2025\/11\/FB_IMG_1761042144591-225x300.jpg\",\"datePublished\":\"2025-11-08T15:15:16+00:00\",\"dateModified\":\"2025-12-05T11:27:25+00:00\",\"breadcrumb\":{\"@id\":\"https:\/\/davniyhalych.com\/novyny\/#breadcrumb\"},\"inLanguage\":\"en-US\",\"potentialAction\":[{\"@type\":\"ReadAction\",\"target\":[\"https:\/\/davniyhalych.com\/novyny\/\"]}]},{\"@type\":\"ImageObject\",\"inLanguage\":\"en-US\",\"@id\":\"https:\/\/davniyhalych.com\/novyny\/#primaryimage\",\"url\":\"https:\/\/davniyhalych.com\/wp-content\/uploads\/2025\/11\/FB_IMG_1761042144591-225x300.jpg\",\"contentUrl\":\"https:\/\/davniyhalych.com\/wp-content\/uploads\/2025\/11\/FB_IMG_1761042144591-225x300.jpg\"},{\"@type\":\"BreadcrumbList\",\"@id\":\"https:\/\/davniyhalych.com\/novyny\/#breadcrumb\",\"itemListElement\":[{\"@type\":\"ListItem\",\"position\":1,\"name\":\"\u0413\u043e\u043b\u043e\u0432\u043d\u0430\",\"item\":\"https:\/\/davniyhalych.com\/en\/\"},{\"@type\":\"ListItem\",\"position\":2,\"name\":\"News\"}]},{\"@type\":\"WebSite\",\"@id\":\"https:\/\/davniyhalych.com\/#website\",\"url\":\"https:\/\/davniyhalych.com\/\",\"name\":\"\u041d\u0430\u0446\u0456\u043e\u043d\u0430\u043b\u044c\u043d\u0438\u0439 \u0437\u0430\u043f\u043e\u0432\u0456\u0434\u043d\u0438\u043a &quot;\u0414\u0430\u0432\u043d\u0456\u0439 \u0413\u0430\u043b\u0438\u0447&quot;\",\"description\":\"\u041d\u0430\u0446\u0456\u043e\u043d\u0430\u043b\u044c\u043d\u0438\u0439 \u0437\u0430\u043f\u043e\u0432\u0456\u0434\u043d\u0438\u043a &quot;\u0414\u0430\u0432\u043d\u0456\u0439 \u0413\u0430\u043b\u0438\u0447&quot;\",\"potentialAction\":[{\"@type\":\"SearchAction\",\"target\":{\"@type\":\"EntryPoint\",\"urlTemplate\":\"https:\/\/davniyhalych.com\/?s={search_term_string}\"},\"query-input\":{\"@type\":\"PropertyValueSpecification\",\"valueRequired\":true,\"valueName\":\"search_term_string\"}}],\"inLanguage\":\"en-US\"}]}<\/script>\n<!-- \/ Yoast SEO plugin. -->","yoast_head_json":{"title":"News - \u041d\u0430\u0446\u0456\u043e\u043d\u0430\u043b\u044c\u043d\u0438\u0439 \u0437\u0430\u043f\u043e\u0432\u0456\u0434\u043d\u0438\u043a &quot;\u0414\u0430\u0432\u043d\u0456\u0439 \u0413\u0430\u043b\u0438\u0447&quot;","robots":{"index":"index","follow":"follow","max-snippet":"max-snippet:-1","max-image-preview":"max-image-preview:large","max-video-preview":"max-video-preview:-1"},"canonical":"https:\/\/davniyhalych.com\/novyny\/","og_locale":"en_US","og_type":"article","og_title":"News - \u041d\u0430\u0446\u0456\u043e\u043d\u0430\u043b\u044c\u043d\u0438\u0439 \u0437\u0430\u043f\u043e\u0432\u0456\u0434\u043d\u0438\u043a &quot;\u0414\u0430\u0432\u043d\u0456\u0439 \u0413\u0430\u043b\u0438\u0447&quot;","og_description":"\u041c\u0456\u0441\u0442\u0430 \u043a\u043d\u044f\u0437\u0456\u0432 \u043e\u0436\u0438\u043b\u0438 \u0443 \u201c\u0414\u0440\u0435\u0432\u043d\u044c\u043e\u043c\u0443 \u0417\u0432\u0435\u043d\u0438\u0433\u043e\u0440\u043e\u0434\u0456\u201d! \u041a\u043e\u043c\u0430\u043d\u0434\u0430 \u041d\u0430\u0446\u0456\u043e\u043d\u0430\u043b\u044c\u043d\u043e\u0433\u043e \u0437\u0430\u043f\u043e\u0432\u0456\u0434\u043d\u0438\u043a\u0430 &#8220;\u0414\u0430\u0432\u043d\u0456\u0439 \u0413\u0430\u043b\u0438\u0447&#8221; \u043d\u0430 \u0447\u043e\u043b\u0456 \u0437 \u0433\u0435\u043d\u0435\u0440\u0430\u043b\u044c\u043d\u0438\u043c \u0434\u0438\u0440\u0435\u043a\u0442\u043e\u0440\u043e\u043c \u0412\u043e\u043b\u043e\u0434\u0438\u043c\u0438\u0440\u043e\u043c \u041e\u043b\u0456\u0439\u043d\u0438\u043a\u043e\u043c \u0434\u043e\u043b\u0443\u0447\u0438\u043b\u0430\u0441\u044f \u0434\u043e \u0443\u0440\u043e\u0447\u0438\u0441\u0442\u043e\u0457 \u043f\u0440\u0435\u0437\u0435\u043d\u0442\u0430\u0446\u0456\u0457 \u043c\u0430\u0441\u0448\u0442\u0430\u0431\u043d\u043e\u0433\u043e \u043f\u0440\u043e\u0454\u043a\u0442\u0443 \u00ab\u041c\u0456\u0441\u0442\u0430 \u043a\u043d\u044f\u0437\u0456\u0432: \u0417\u0432\u0435\u043d\u0438\u0433\u043e\u0440\u043e\u0434 \u0456 \u043c\u0456\u0441\u044c\u043a\u0430 \u043a\u0443\u043b\u044c\u0442\u0443\u0440\u0430 [&hellip;]","og_url":"https:\/\/davniyhalych.com\/novyny\/","og_site_name":"\u041d\u0430\u0446\u0456\u043e\u043d\u0430\u043b\u044c\u043d\u0438\u0439 \u0437\u0430\u043f\u043e\u0432\u0456\u0434\u043d\u0438\u043a &quot;\u0414\u0430\u0432\u043d\u0456\u0439 \u0413\u0430\u043b\u0438\u0447&quot;","article_modified_time":"2025-12-05T11:27:25+00:00","og_image":[{"url":"https:\/\/davniyhalych.com\/wp-content\/uploads\/2025\/11\/FB_IMG_1761042144591-225x300.jpg","type":"","width":"","height":""}],"twitter_card":"summary_large_image","twitter_misc":{"Est. reading time":"2 minutes"},"schema":{"@context":"https:\/\/schema.org","@graph":[{"@type":"WebPage","@id":"https:\/\/davniyhalych.com\/novyny\/","url":"https:\/\/davniyhalych.com\/novyny\/","name":"News - \u041d\u0430\u0446\u0456\u043e\u043d\u0430\u043b\u044c\u043d\u0438\u0439 \u0437\u0430\u043f\u043e\u0432\u0456\u0434\u043d\u0438\u043a &quot;\u0414\u0430\u0432\u043d\u0456\u0439 \u0413\u0430\u043b\u0438\u0447&quot;","isPartOf":{"@id":"https:\/\/davniyhalych.com\/#website"},"primaryImageOfPage":{"@id":"https:\/\/davniyhalych.com\/novyny\/#primaryimage"},"image":{"@id":"https:\/\/davniyhalych.com\/novyny\/#primaryimage"},"thumbnailUrl":"https:\/\/davniyhalych.com\/wp-content\/uploads\/2025\/11\/FB_IMG_1761042144591-225x300.jpg","datePublished":"2025-11-08T15:15:16+00:00","dateModified":"2025-12-05T11:27:25+00:00","breadcrumb":{"@id":"https:\/\/davniyhalych.com\/novyny\/#breadcrumb"},"inLanguage":"en-US","potentialAction":[{"@type":"ReadAction","target":["https:\/\/davniyhalych.com\/novyny\/"]}]},{"@type":"ImageObject","inLanguage":"en-US","@id":"https:\/\/davniyhalych.com\/novyny\/#primaryimage","url":"https:\/\/davniyhalych.com\/wp-content\/uploads\/2025\/11\/FB_IMG_1761042144591-225x300.jpg","contentUrl":"https:\/\/davniyhalych.com\/wp-content\/uploads\/2025\/11\/FB_IMG_1761042144591-225x300.jpg"},{"@type":"BreadcrumbList","@id":"https:\/\/davniyhalych.com\/novyny\/#breadcrumb","itemListElement":[{"@type":"ListItem","position":1,"name":"\u0413\u043e\u043b\u043e\u0432\u043d\u0430","item":"https:\/\/davniyhalych.com\/en\/"},{"@type":"ListItem","position":2,"name":"News"}]},{"@type":"WebSite","@id":"https:\/\/davniyhalych.com\/#website","url":"https:\/\/davniyhalych.com\/","name":"\u041d\u0430\u0446\u0456\u043e\u043d\u0430\u043b\u044c\u043d\u0438\u0439 \u0437\u0430\u043f\u043e\u0432\u0456\u0434\u043d\u0438\u043a &quot;\u0414\u0430\u0432\u043d\u0456\u0439 \u0413\u0430\u043b\u0438\u0447&quot;","description":"\u041d\u0430\u0446\u0456\u043e\u043d\u0430\u043b\u044c\u043d\u0438\u0439 \u0437\u0430\u043f\u043e\u0432\u0456\u0434\u043d\u0438\u043a &quot;\u0414\u0430\u0432\u043d\u0456\u0439 \u0413\u0430\u043b\u0438\u0447&quot;","potentialAction":[{"@type":"SearchAction","target":{"@type":"EntryPoint","urlTemplate":"https:\/\/davniyhalych.com\/?s={search_term_string}"},"query-input":{"@type":"PropertyValueSpecification","valueRequired":true,"valueName":"search_term_string"}}],"inLanguage":"en-US"}]}},"_links":{"self":[{"href":"https:\/\/davniyhalych.com\/en\/wp-json\/wp\/v2\/pages\/5410","targetHints":{"allow":["GET"]}}],"collection":[{"href":"https:\/\/davniyhalych.com\/en\/wp-json\/wp\/v2\/pages"}],"about":[{"href":"https:\/\/davniyhalych.com\/en\/wp-json\/wp\/v2\/types\/page"}],"author":[{"embeddable":true,"href":"https:\/\/davniyhalych.com\/en\/wp-json\/wp\/v2\/users\/1"}],"replies":[{"embeddable":true,"href":"https:\/\/davniyhalych.com\/en\/wp-json\/wp\/v2\/comments?post=5410"}],"version-history":[{"count":4,"href":"https:\/\/davniyhalych.com\/en\/wp-json\/wp\/v2\/pages\/5410\/revisions"}],"predecessor-version":[{"id":7519,"href":"https:\/\/davniyhalych.com\/en\/wp-json\/wp\/v2\/pages\/5410\/revisions\/7519"}],"wp:attachment":[{"href":"https:\/\/davniyhalych.com\/en\/wp-json\/wp\/v2\/media?parent=5410"}],"curies":[{"name":"wp","href":"https:\/\/api.w.org\/{rel}","templated":true}]}}